{"id":91,"date":"2018-10-04T20:51:29","date_gmt":"2018-10-04T18:51:29","guid":{"rendered":"http:\/\/new.studioblanche.cz\/?page_id=91"},"modified":"2018-10-04T20:51:29","modified_gmt":"2018-10-04T18:51:29","slug":"fotogalerie","status":"publish","type":"page","link":"https:\/\/www.studioblanche.cz\/index.php\/fotogalerie\/","title":{"rendered":"Fotogalerie"},"content":{"rendered":"<p>[et_pb_section bb_built=&#8220;1&#8243;][et_pb_row][et_pb_column type=&#8220;4_4&#8243;][et_pb_gallery _builder_version=&#8220;3.12.2&#8243; posts_number=&#8220;20&#8243; zoom_icon_color=&#8220;#2ea3f2&#8243; hover_overlay_color=&#8220;rgba(255,255,255,0.9)&#8220; \/][\/et_pb_column][\/et_pb_row][\/et_pb_section]<\/p>\n","protected":false},"excerpt":{"rendered":"<div class=\"et_pb_row et_pb_row_0 et_pb_row_empty\">\n\t\t\t\t\n\t\t\t\t\n\t\t\t\t\n\t\t\t\t\n\t\t\t\t\n\t\t\t<\/div>\n","protected":false},"author":3,"featured_media":0,"parent":0,"menu_order":0,"comment_status":"closed","ping_status":"closed","template":"","meta":{"_et_pb_use_builder":"on","_et_pb_old_content":"","_et_gb_content_width":"","footnotes":""},"class_list":["post-91","page","type-page","status-publish","hentry"],"yoast_head":"<!-- This site is optimized with the Yoast SEO plugin v27.4 - https:\/\/yoast.com\/product\/yoast-seo-wordpress\/ -->\n<title>Fotogalerie - Studio Blanche<\/title>\n<meta name=\"robots\" content=\"index, follow, max-snippet:-1, max-image-preview:large, max-video-preview:-1\" \/>\n<link rel=\"canonical\" href=\"https:\/\/www.studioblanche.cz\/index.php\/fotogalerie\/\" \/>\n<meta property=\"og:locale\" content=\"cs_CZ\" \/>\n<meta property=\"og:type\" content=\"article\" \/>\n<meta property=\"og:title\" content=\"Fotogalerie - Studio Blanche\" \/>\n<meta property=\"og:url\" content=\"https:\/\/www.studioblanche.cz\/index.php\/fotogalerie\/\" \/>\n<meta property=\"og:site_name\" content=\"Studio Blanche\" \/>\n<meta name=\"twitter:card\" content=\"summary_large_image\" \/>\n<meta name=\"twitter:description\" content=\"[et_pb_row]\" \/>\n<script type=\"application\/ld+json\" class=\"yoast-schema-graph\">{\"@context\":\"https:\\\/\\\/schema.org\",\"@graph\":[{\"@type\":\"WebPage\",\"@id\":\"https:\\\/\\\/www.studioblanche.cz\\\/index.php\\\/fotogalerie\\\/\",\"url\":\"https:\\\/\\\/www.studioblanche.cz\\\/index.php\\\/fotogalerie\\\/\",\"name\":\"Fotogalerie - Studio Blanche\",\"isPartOf\":{\"@id\":\"https:\\\/\\\/www.studioblanche.cz\\\/#website\"},\"datePublished\":\"2018-10-04T18:51:29+00:00\",\"breadcrumb\":{\"@id\":\"https:\\\/\\\/www.studioblanche.cz\\\/index.php\\\/fotogalerie\\\/#breadcrumb\"},\"inLanguage\":\"cs\",\"potentialAction\":[{\"@type\":\"ReadAction\",\"target\":[\"https:\\\/\\\/www.studioblanche.cz\\\/index.php\\\/fotogalerie\\\/\"]}]},{\"@type\":\"BreadcrumbList\",\"@id\":\"https:\\\/\\\/www.studioblanche.cz\\\/index.php\\\/fotogalerie\\\/#breadcrumb\",\"itemListElement\":[{\"@type\":\"ListItem\",\"position\":1,\"name\":\"Home\",\"item\":\"https:\\\/\\\/www.studioblanche.cz\\\/\"},{\"@type\":\"ListItem\",\"position\":2,\"name\":\"Fotogalerie\"}]},{\"@type\":\"WebSite\",\"@id\":\"https:\\\/\\\/www.studioblanche.cz\\\/#website\",\"url\":\"https:\\\/\\\/www.studioblanche.cz\\\/\",\"name\":\"Studio Blanche\",\"description\":\"Mas\u00e1\u017ee, kter\u00e9 v\u00e1m zlep\u0161\u00ed zdrav\u00ed i n\u00e1ladu na Praze 2\",\"potentialAction\":[{\"@type\":\"SearchAction\",\"target\":{\"@type\":\"EntryPoint\",\"urlTemplate\":\"https:\\\/\\\/www.studioblanche.cz\\\/?s={search_term_string}\"},\"query-input\":{\"@type\":\"PropertyValueSpecification\",\"valueRequired\":true,\"valueName\":\"search_term_string\"}}],\"inLanguage\":\"cs\"}]}<\/script>\n<!-- \/ Yoast SEO plugin. -->","yoast_head_json":{"title":"Fotogalerie - Studio Blanche","robots":{"index":"index","follow":"follow","max-snippet":"max-snippet:-1","max-image-preview":"max-image-preview:large","max-video-preview":"max-video-preview:-1"},"canonical":"https:\/\/www.studioblanche.cz\/index.php\/fotogalerie\/","og_locale":"cs_CZ","og_type":"article","og_title":"Fotogalerie - Studio Blanche","og_url":"https:\/\/www.studioblanche.cz\/index.php\/fotogalerie\/","og_site_name":"Studio Blanche","twitter_card":"summary_large_image","twitter_description":"[et_pb_row]","schema":{"@context":"https:\/\/schema.org","@graph":[{"@type":"WebPage","@id":"https:\/\/www.studioblanche.cz\/index.php\/fotogalerie\/","url":"https:\/\/www.studioblanche.cz\/index.php\/fotogalerie\/","name":"Fotogalerie - Studio Blanche","isPartOf":{"@id":"https:\/\/www.studioblanche.cz\/#website"},"datePublished":"2018-10-04T18:51:29+00:00","breadcrumb":{"@id":"https:\/\/www.studioblanche.cz\/index.php\/fotogalerie\/#breadcrumb"},"inLanguage":"cs","potentialAction":[{"@type":"ReadAction","target":["https:\/\/www.studioblanche.cz\/index.php\/fotogalerie\/"]}]},{"@type":"BreadcrumbList","@id":"https:\/\/www.studioblanche.cz\/index.php\/fotogalerie\/#breadcrumb","itemListElement":[{"@type":"ListItem","position":1,"name":"Home","item":"https:\/\/www.studioblanche.cz\/"},{"@type":"ListItem","position":2,"name":"Fotogalerie"}]},{"@type":"WebSite","@id":"https:\/\/www.studioblanche.cz\/#website","url":"https:\/\/www.studioblanche.cz\/","name":"Studio Blanche","description":"Mas\u00e1\u017ee, kter\u00e9 v\u00e1m zlep\u0161\u00ed zdrav\u00ed i n\u00e1ladu na Praze 2","potentialAction":[{"@type":"SearchAction","target":{"@type":"EntryPoint","urlTemplate":"https:\/\/www.studioblanche.cz\/?s={search_term_string}"},"query-input":{"@type":"PropertyValueSpecification","valueRequired":true,"valueName":"search_term_string"}}],"inLanguage":"cs"}]}},"_links":{"self":[{"href":"https:\/\/www.studioblanche.cz\/index.php\/wp-json\/wp\/v2\/pages\/91","targetHints":{"allow":["GET"]}}],"collection":[{"href":"https:\/\/www.studioblanche.cz\/index.php\/wp-json\/wp\/v2\/pages"}],"about":[{"href":"https:\/\/www.studioblanche.cz\/index.php\/wp-json\/wp\/v2\/types\/page"}],"author":[{"embeddable":true,"href":"https:\/\/www.studioblanche.cz\/index.php\/wp-json\/wp\/v2\/users\/3"}],"replies":[{"embeddable":true,"href":"https:\/\/www.studioblanche.cz\/index.php\/wp-json\/wp\/v2\/comments?post=91"}],"version-history":[{"count":2,"href":"https:\/\/www.studioblanche.cz\/index.php\/wp-json\/wp\/v2\/pages\/91\/revisions"}],"predecessor-version":[{"id":278,"href":"https:\/\/www.studioblanche.cz\/index.php\/wp-json\/wp\/v2\/pages\/91\/revisions\/278"}],"wp:attachment":[{"href":"https:\/\/www.studioblanche.cz\/index.php\/wp-json\/wp\/v2\/media?parent=91"}],"curies":[{"name":"wp","href":"https:\/\/api.w.org\/{rel}","templated":true}]}}