{"id":39,"date":"2018-09-23T20:48:54","date_gmt":"2018-09-23T18:48:54","guid":{"rendered":"http:\/\/new.studioblanche.cz\/?page_id=39"},"modified":"2023-11-10T10:44:30","modified_gmt":"2023-11-10T09:44:30","slug":"kontakt","status":"publish","type":"page","link":"https:\/\/www.studioblanche.cz\/index.php\/kontakt\/","title":{"rendered":"Kontakt"},"content":{"rendered":"<p>[et_pb_section fb_built=&#8220;1&#8243; disabled_on=&#8220;on||&#8220; _builder_version=&#8220;4.16&#8243; background_color=&#8220;#e6e7ec&#8220; custom_padding=&#8220;0|0px|0|0px|false|false&#8220; global_colors_info=&#8220;{}&#8220;][et_pb_row _builder_version=&#8220;4.16&#8243; background_size=&#8220;initial&#8220; background_position=&#8220;top_left&#8220; background_repeat=&#8220;repeat&#8220; custom_padding=&#8220;0|0px|0|0px|false|false&#8220; global_colors_info=&#8220;{}&#8220;][et_pb_column type=&#8220;4_4&#8243; _builder_version=&#8220;4.16&#8243; custom_padding=&#8220;|||&#8220; global_colors_info=&#8220;{}&#8220; custom_padding__hover=&#8220;|||&#8220;][et_pb_image src=&#8220;\/wp-content\/uploads\/2018\/09\/contact-us-page.jpg&#8220; align_tablet=&#8220;center&#8220; align_phone=&#8220;&#8220; align_last_edited=&#8220;on|desktop&#8220; _builder_version=&#8220;4.16&#8243; global_colors_info=&#8220;{}&#8220;]&nbsp;<br \/>\n[\/et_pb_image][\/et_pb_column][\/et_pb_row][\/et_pb_section][et_pb_section fb_built=&#8220;1&#8243; module_id=&#8220;lp-massage-contact-form&#8220; _builder_version=&#8220;4.16&#8243; background_color=&#8220;#e6e7ec&#8220; custom_padding=&#8220;50px|0px|54px|0px|false|false&#8220; global_colors_info=&#8220;{}&#8220;][et_pb_row _builder_version=&#8220;4.16&#8243; custom_padding=&#8220;0|0px|27px|0px|false|false&#8220; global_colors_info=&#8220;{}&#8220;][et_pb_column type=&#8220;4_4&#8243; _builder_version=&#8220;4.16&#8243; custom_padding=&#8220;|||&#8220; global_colors_info=&#8220;{}&#8220; custom_padding__hover=&#8220;|||&#8220;][et_pb_text _builder_version=&#8220;4.16&#8243; global_colors_info=&#8220;{}&#8220;]<\/p>\n<h2 style=\"text-align: center;\"><span style=\"color: #b4007b;\">P\u0159ij\u010fte na mas\u00e1\u017e<\/span><\/h2>\n<p>[\/et_pb_text][et_pb_text _builder_version=&#8220;4.16&#8243; global_colors_info=&#8220;{}&#8220;]<\/p>\n<p>K prvot\u0159\u00eddn\u00ed mas\u00e1\u017ei to m\u00e1te bl\u00edzko &#8211; na\u0161e studio je v centru Prahy 2, jen kousek od N\u00e1m\u011bst\u00ed M\u00edru. P\u0159esto\u017ee m\u00e1me nabito, nech\u00e1v\u00e1me si v\u017edy prostor pro nov\u00e9 klienty &#8211; do t\u00fddne nejd\u00e9le tak u\u017e m\u016f\u017eete le\u017eet na mas\u00e1\u017en\u00edm leh\u00e1tku. \ud83d\ude42<\/p>\n<p>Jsme tu pro v\u00e1s od roku 2009<\/p>\n<p>[\/et_pb_text][\/et_pb_column][\/et_pb_row][et_pb_row column_structure=&#8220;1_2,1_2&#8243; _builder_version=&#8220;4.16&#8243; global_colors_info=&#8220;{}&#8220;][et_pb_column type=&#8220;1_2&#8243; _builder_version=&#8220;4.16&#8243; custom_padding=&#8220;|||&#8220; global_colors_info=&#8220;{}&#8220; custom_padding__hover=&#8220;|||&#8220;][et_pb_text _builder_version=&#8220;4.16&#8243; global_colors_info=&#8220;{}&#8220;]<\/p>\n<div class=\"et_pb_module et_pb_text et_pb_text_0 et_pb_bg_layout_light et_pb_text_align_center\">\n<div class=\"et_pb_text_inner\">\n<h4><span style=\"color: #b4007b;\">Adresa<\/span><\/h4>\n<p>Blanka \u010cern\u00e1<\/p>\n<p>Americk\u00e1 24<\/p>\n<p>120 00 Praha 2<\/p>\n<p><span style=\"color: #29c600;\"><strong><a style=\"color: #29c600;\" href=\"tel:+420774535135\">+420 737 553 133<\/a><\/strong><\/span><br \/><span style=\"color: #29c600;\"><strong><a style=\"color: #29c600;\" href=\"mailto:info@studioblanche.cz?subject=Rezervace\">info@studioblanche.cz<\/a><\/strong><\/span><\/p>\n<h4><span style=\"color: #b4007b;\">Otev\u00edrac\u00ed doba dle objedn\u00e1vek<\/span><\/h4>\n<p>pond\u011bl\u00ed \u2013 p\u00e1tek\u00a0 \u00a0 7 \u2013 21 hod.<\/p>\n<p>sobota \u2013 ned\u011ble\u00a0 \u00a0 10 \u2013 20 hod.<\/p>\n<\/div>\n<\/div>\n<p>[\/et_pb_text][et_pb_image src=&#8220;\/wp-content\/uploads\/2018\/09\/contact-us-icon.png&#8220; align_tablet=&#8220;center&#8220; align_phone=&#8220;&#8220; align_last_edited=&#8220;on|desktop&#8220; _builder_version=&#8220;4.16&#8243; max_width=&#8220;25%&#8220; module_alignment=&#8220;center&#8220; global_colors_info=&#8220;{}&#8220;][\/et_pb_image][\/et_pb_column][et_pb_column type=&#8220;1_2&#8243; _builder_version=&#8220;4.16&#8243; custom_padding=&#8220;|||&#8220; global_colors_info=&#8220;{}&#8220; custom_padding__hover=&#8220;|||&#8220;][et_pb_code _builder_version=&#8220;4.16&#8243; global_colors_info=&#8220;{}&#8220;]<iframe loading=\"lazy\" src=\"https:\/\/www.google.com\/maps\/embed?pb=!1m18!1m12!1m3!1d2560.7104062287062!2d14.435888615557053!3d50.07298487942504!2m3!1f0!2f0!3f0!3m2!1i1024!2i768!4f13.1!3m3!1m2!1s0x470b948604e893a5%3A0x9bdc04d311b31a18!2sStudio+Blanche!5e0!3m2!1scs!2scz!4v1537723630471\" width=\"600\" height=\"450\" frameborder=\"0\" style=\"border:0\" allowfullscreen><\/iframe>[\/et_pb_code][\/et_pb_column][\/et_pb_row][et_pb_row _builder_version=&#8220;4.16&#8243; custom_padding=&#8220;0|0px|27px|0px|false|false&#8220; global_colors_info=&#8220;{}&#8220;][et_pb_column type=&#8220;4_4&#8243; _builder_version=&#8220;4.16&#8243; custom_padding=&#8220;|||&#8220; global_colors_info=&#8220;{}&#8220; custom_padding__hover=&#8220;|||&#8220;][et_pb_code disabled_on=&#8220;on|on|on&#8220; _builder_version=&#8220;4.16&#8243; global_colors_info=&#8220;{}&#8220;][datetimepicker][\/et_pb_code][et_pb_text _builder_version=&#8220;4.16&#8243; hover_enabled=&#8220;0&#8243; global_colors_info=&#8220;{}&#8220; sticky_enabled=&#8220;0&#8243;]<\/p>\n<p>Vypl\u0148te formul\u00e1\u0159 n\u00ed\u017ee, abychom m\u011bli p\u0159edstavu, co od mas\u00e1\u017ee \u010dek\u00e1te, ale nebojte se &#8211; na m\u00edst\u011b se stejn\u011b domluv\u00edme individu\u00e1ln\u011b, a\u017e zjist\u00edme, co pot\u0159ebujete.<\/p>\n<p>Nebo klikn\u011bte na \u010d\u00edslo n\u00ed\u017ee a za minutu u\u017e pro V\u00e1s chyst\u00e1me m\u00edsto na leh\u00e1tku i v kalend\u00e1\u0159i:<\/p>\n<p><span style=\"color: #29c600;\"><strong><a style=\"color: #29c600;\" href=\"tel:+420774535135\">+420 737 553 133<\/a><\/strong><\/span><\/p>\n<p>[\/et_pb_text][et_pb_contact_form email=&#8220;miroslavbartamb@gmail.com,info@studioblanche.cz&#8220; custom_message=&#8220;Dobr\u00fd den, ||et_pb_line_break_holder||||et_pb_line_break_holder||na webu Studio Blanche vyplnil potenci\u00e1ln\u00ed z\u00e1jemce kontaktn\u00ed formul\u00e1\u0159 v sekci %22Pro\u010d j\u00edt na mas\u00e1\u017e?%22. Pravd\u011bpodobn\u011b m\u00e1 tedy z\u00e1jem o mas\u00e1\u017e\/jinou slu\u017ebu. N\u00ed\u017ee jsou detaily a kontakt:||et_pb_line_break_holder||||et_pb_line_break_holder||Jm\u00e9no a p\u0159\u00edjmen\u00ed: %%Name%%||et_pb_line_break_holder||E-mailov\u00e1 adresa: %%Email%%||et_pb_line_break_holder||Telefon: %%Phone-number%%||et_pb_line_break_holder||\u010cas a datum: %%datetimefield%%||et_pb_line_break_holder||Zpr\u00e1va: %%Message%%&#8220; success_message=&#8220;D\u011bkujeme, brzy se ozveme!&#8220; submit_button_text=&#8220;Odeslat&#8220; module_id=&#8220;et_pb_contact_form_0&#8243; _builder_version=&#8220;4.20.4&#8243; _unique_id=&#8220;a30c1732-46da-46a4-9910-08a724d6c618&#8243; custom_button=&#8220;on&#8220; button_text_color=&#8220;#b4007b&#8220; saved_tabs=&#8220;all&#8220; global_colors_info=&#8220;{}&#8220;][et_pb_contact_field field_id=&#8220;Name&#8220; field_title=&#8220;Jm\u00e9no a p\u0159\u00edjmen\u00ed&#8220; _builder_version=&#8220;4.16&#8243; global_colors_info=&#8220;{}&#8220; button_text_size__hover_enabled=&#8220;off&#8220; button_one_text_size__hover_enabled=&#8220;off&#8220; button_two_text_size__hover_enabled=&#8220;off&#8220; button_text_color__hover_enabled=&#8220;off&#8220; button_one_text_color__hover_enabled=&#8220;off&#8220; button_two_text_color__hover_enabled=&#8220;off&#8220; button_border_width__hover_enabled=&#8220;off&#8220; button_one_border_width__hover_enabled=&#8220;off&#8220; button_two_border_width__hover_enabled=&#8220;off&#8220; button_border_color__hover_enabled=&#8220;off&#8220; button_one_border_color__hover_enabled=&#8220;off&#8220; button_two_border_color__hover_enabled=&#8220;off&#8220; button_border_radius__hover_enabled=&#8220;off&#8220; button_one_border_radius__hover_enabled=&#8220;off&#8220; button_two_border_radius__hover_enabled=&#8220;off&#8220; button_letter_spacing__hover_enabled=&#8220;off&#8220; button_one_letter_spacing__hover_enabled=&#8220;off&#8220; button_two_letter_spacing__hover_enabled=&#8220;off&#8220; button_bg_color__hover_enabled=&#8220;off&#8220; button_one_bg_color__hover_enabled=&#8220;off&#8220; button_two_bg_color__hover_enabled=&#8220;off&#8220;][\/et_pb_contact_field][et_pb_contact_field field_id=&#8220;Email&#8220; field_title=&#8220;E-mailov\u00e1 adresa&#8220; field_type=&#8220;email&#8220; _builder_version=&#8220;4.16&#8243; global_colors_info=&#8220;{}&#8220; button_text_size__hover_enabled=&#8220;off&#8220; button_one_text_size__hover_enabled=&#8220;off&#8220; button_two_text_size__hover_enabled=&#8220;off&#8220; button_text_color__hover_enabled=&#8220;off&#8220; button_one_text_color__hover_enabled=&#8220;off&#8220; button_two_text_color__hover_enabled=&#8220;off&#8220; button_border_width__hover_enabled=&#8220;off&#8220; button_one_border_width__hover_enabled=&#8220;off&#8220; button_two_border_width__hover_enabled=&#8220;off&#8220; button_border_color__hover_enabled=&#8220;off&#8220; button_one_border_color__hover_enabled=&#8220;off&#8220; button_two_border_color__hover_enabled=&#8220;off&#8220; button_border_radius__hover_enabled=&#8220;off&#8220; button_one_border_radius__hover_enabled=&#8220;off&#8220; button_two_border_radius__hover_enabled=&#8220;off&#8220; button_letter_spacing__hover_enabled=&#8220;off&#8220; button_one_letter_spacing__hover_enabled=&#8220;off&#8220; button_two_letter_spacing__hover_enabled=&#8220;off&#8220; button_bg_color__hover_enabled=&#8220;off&#8220; button_one_bg_color__hover_enabled=&#8220;off&#8220; button_two_bg_color__hover_enabled=&#8220;off&#8220;][\/et_pb_contact_field][et_pb_contact_field field_id=&#8220;Phone-number&#8220; field_title=&#8220;Telefon&#8220; min_length=&#8220;9&#8243; max_length=&#8220;9&#8243; allowed_symbols=&#8220;numbers&#8220; required_mark=&#8220;off&#8220; _builder_version=&#8220;4.16&#8243; global_colors_info=&#8220;{}&#8220; button_text_size__hover_enabled=&#8220;off&#8220; button_one_text_size__hover_enabled=&#8220;off&#8220; button_two_text_size__hover_enabled=&#8220;off&#8220; button_text_color__hover_enabled=&#8220;off&#8220; button_one_text_color__hover_enabled=&#8220;off&#8220; button_two_text_color__hover_enabled=&#8220;off&#8220; button_border_width__hover_enabled=&#8220;off&#8220; button_one_border_width__hover_enabled=&#8220;off&#8220; button_two_border_width__hover_enabled=&#8220;off&#8220; button_border_color__hover_enabled=&#8220;off&#8220; button_one_border_color__hover_enabled=&#8220;off&#8220; button_two_border_color__hover_enabled=&#8220;off&#8220; button_border_radius__hover_enabled=&#8220;off&#8220; button_one_border_radius__hover_enabled=&#8220;off&#8220; button_two_border_radius__hover_enabled=&#8220;off&#8220; button_letter_spacing__hover_enabled=&#8220;off&#8220; button_one_letter_spacing__hover_enabled=&#8220;off&#8220; button_two_letter_spacing__hover_enabled=&#8220;off&#8220; button_bg_color__hover_enabled=&#8220;off&#8220; button_one_bg_color__hover_enabled=&#8220;off&#8220; button_two_bg_color__hover_enabled=&#8220;off&#8220;][\/et_pb_contact_field][et_pb_contact_field field_id=&#8220;datetimefield&#8220; field_title=&#8220;Datum a \u010das&#8220; required_mark=&#8220;off&#8220; _builder_version=&#8220;4.16&#8243; global_colors_info=&#8220;{}&#8220; button_text_size__hover_enabled=&#8220;off&#8220; button_one_text_size__hover_enabled=&#8220;off&#8220; button_two_text_size__hover_enabled=&#8220;off&#8220; button_text_color__hover_enabled=&#8220;off&#8220; button_one_text_color__hover_enabled=&#8220;off&#8220; button_two_text_color__hover_enabled=&#8220;off&#8220; button_border_width__hover_enabled=&#8220;off&#8220; button_one_border_width__hover_enabled=&#8220;off&#8220; button_two_border_width__hover_enabled=&#8220;off&#8220; button_border_color__hover_enabled=&#8220;off&#8220; button_one_border_color__hover_enabled=&#8220;off&#8220; button_two_border_color__hover_enabled=&#8220;off&#8220; button_border_radius__hover_enabled=&#8220;off&#8220; button_one_border_radius__hover_enabled=&#8220;off&#8220; button_two_border_radius__hover_enabled=&#8220;off&#8220; button_letter_spacing__hover_enabled=&#8220;off&#8220; button_one_letter_spacing__hover_enabled=&#8220;off&#8220; button_two_letter_spacing__hover_enabled=&#8220;off&#8220; button_bg_color__hover_enabled=&#8220;off&#8220; button_one_bg_color__hover_enabled=&#8220;off&#8220; button_two_bg_color__hover_enabled=&#8220;off&#8220;][\/et_pb_contact_field][et_pb_contact_field field_id=&#8220;Message&#8220; field_title=&#8220;Zpr\u00e1va (nap\u0159. napi\u0161te, zda preferujete e-mailov\u00fd, \u010di telefonick\u00fd kontakt, nebo jin\u00fd druh mas\u00e1\u017ee, ne\u017e je v nab\u00eddce)&#8220; field_type=&#8220;text&#8220; required_mark=&#8220;off&#8220; fullwidth_field=&#8220;on&#8220; _builder_version=&#8220;4.16&#8243; global_colors_info=&#8220;{}&#8220; button_text_size__hover_enabled=&#8220;off&#8220; button_one_text_size__hover_enabled=&#8220;off&#8220; button_two_text_size__hover_enabled=&#8220;off&#8220; button_text_color__hover_enabled=&#8220;off&#8220; button_one_text_color__hover_enabled=&#8220;off&#8220; button_two_text_color__hover_enabled=&#8220;off&#8220; button_border_width__hover_enabled=&#8220;off&#8220; button_one_border_width__hover_enabled=&#8220;off&#8220; button_two_border_width__hover_enabled=&#8220;off&#8220; button_border_color__hover_enabled=&#8220;off&#8220; button_one_border_color__hover_enabled=&#8220;off&#8220; button_two_border_color__hover_enabled=&#8220;off&#8220; button_border_radius__hover_enabled=&#8220;off&#8220; button_one_border_radius__hover_enabled=&#8220;off&#8220; button_two_border_radius__hover_enabled=&#8220;off&#8220; button_letter_spacing__hover_enabled=&#8220;off&#8220; button_one_letter_spacing__hover_enabled=&#8220;off&#8220; button_two_letter_spacing__hover_enabled=&#8220;off&#8220; button_bg_color__hover_enabled=&#8220;off&#8220; button_one_bg_color__hover_enabled=&#8220;off&#8220; button_two_bg_color__hover_enabled=&#8220;off&#8220;][\/et_pb_contact_field][et_pb_contact_field field_id=&#8220;gdpr-consent&#8220; field_title=&#8220;Ochrana osobn\u00edch \u00fadaj\u016f&#8220; field_type=&#8220;checkbox&#8220; checkbox_options=&#8220;%91{%22value%22:%22Souhlas\u00edm se zpracov\u00e1n\u00edm osobn\u00edch \u00fadaj\u016f%22,%22checked%22:0}%93&#8243; fullwidth_field=&#8220;on&#8220; _builder_version=&#8220;4.16&#8243; global_colors_info=&#8220;{}&#8220; button_text_size__hover_enabled=&#8220;off&#8220; button_one_text_size__hover_enabled=&#8220;off&#8220; button_two_text_size__hover_enabled=&#8220;off&#8220; button_text_color__hover_enabled=&#8220;off&#8220; button_one_text_color__hover_enabled=&#8220;off&#8220; button_two_text_color__hover_enabled=&#8220;off&#8220; button_border_width__hover_enabled=&#8220;off&#8220; button_one_border_width__hover_enabled=&#8220;off&#8220; button_two_border_width__hover_enabled=&#8220;off&#8220; button_border_color__hover_enabled=&#8220;off&#8220; button_one_border_color__hover_enabled=&#8220;off&#8220; button_two_border_color__hover_enabled=&#8220;off&#8220; button_border_radius__hover_enabled=&#8220;off&#8220; button_one_border_radius__hover_enabled=&#8220;off&#8220; button_two_border_radius__hover_enabled=&#8220;off&#8220; button_letter_spacing__hover_enabled=&#8220;off&#8220; button_one_letter_spacing__hover_enabled=&#8220;off&#8220; button_two_letter_spacing__hover_enabled=&#8220;off&#8220; button_bg_color__hover_enabled=&#8220;off&#8220; button_one_bg_color__hover_enabled=&#8220;off&#8220; button_two_bg_color__hover_enabled=&#8220;off&#8220;][\/et_pb_contact_field][\/et_pb_contact_form][\/et_pb_column][\/et_pb_row][\/et_pb_section]<\/p>\n","protected":false},"excerpt":{"rendered":"<p>&nbsp; P\u0159ij\u010fte na mas\u00e1\u017e K prvot\u0159\u00eddn\u00ed mas\u00e1\u017ei to m\u00e1te bl\u00edzko &#8211; na\u0161e studio je v centru Prahy 2, jen kousek od N\u00e1m\u011bst\u00ed M\u00edru. P\u0159esto\u017ee m\u00e1me nabito, nech\u00e1v\u00e1me si v\u017edy prostor pro nov\u00e9 klienty &#8211; do t\u00fddne nejd\u00e9le tak u\u017e m\u016f\u017eete le\u017eet na mas\u00e1\u017en\u00edm leh\u00e1tku. \ud83d\ude42 Jsme tu pro v\u00e1s od roku 2009 Adresa Blanka \u010cern\u00e1 [&hellip;]<\/p>\n","protected":false},"author":3,"featured_media":0,"parent":0,"menu_order":0,"comment_status":"closed","ping_status":"closed","template":"","meta":{"_et_pb_use_builder":"on","_et_pb_old_content":"","_et_gb_content_width":"","footnotes":""},"class_list":["post-39","page","type-page","status-publish","hentry"],"yoast_head":"<!-- This site is optimized with the Yoast SEO plugin v27.4 - https:\/\/yoast.com\/product\/yoast-seo-wordpress\/ -->\n<title>Kontakt - Studio Blanche<\/title>\n<meta name=\"robots\" content=\"index, follow, max-snippet:-1, max-image-preview:large, max-video-preview:-1\" \/>\n<link rel=\"canonical\" href=\"https:\/\/www.studioblanche.cz\/index.php\/kontakt\/\" \/>\n<meta property=\"og:locale\" content=\"cs_CZ\" \/>\n<meta property=\"og:type\" content=\"article\" \/>\n<meta property=\"og:title\" content=\"Kontakt - Studio Blanche\" \/>\n<meta property=\"og:description\" content=\"&nbsp; P\u0159ij\u010fte na mas\u00e1\u017e K prvot\u0159\u00eddn\u00ed mas\u00e1\u017ei to m\u00e1te bl\u00edzko - na\u0161e studio je v centru Prahy 2, jen kousek od N\u00e1m\u011bst\u00ed M\u00edru. P\u0159esto\u017ee m\u00e1me nabito, nech\u00e1v\u00e1me si v\u017edy prostor pro nov\u00e9 klienty - do t\u00fddne nejd\u00e9le tak u\u017e m\u016f\u017eete le\u017eet na mas\u00e1\u017en\u00edm leh\u00e1tku. :) Jsme tu pro v\u00e1s od roku 2009 Adresa Blanka \u010cern\u00e1 [&hellip;]\" \/>\n<meta property=\"og:url\" content=\"https:\/\/www.studioblanche.cz\/index.php\/kontakt\/\" \/>\n<meta property=\"og:site_name\" content=\"Studio Blanche\" \/>\n<meta property=\"article:modified_time\" content=\"2023-11-10T09:44:30+00:00\" \/>\n<meta name=\"twitter:card\" content=\"summary_large_image\" \/>\n<meta name=\"twitter:label1\" content=\"Odhadovan\u00e1 doba \u010dten\u00ed\" \/>\n\t<meta name=\"twitter:data1\" content=\"8 minut\" \/>\n<script type=\"application\/ld+json\" class=\"yoast-schema-graph\">{\"@context\":\"https:\\\/\\\/schema.org\",\"@graph\":[{\"@type\":\"WebPage\",\"@id\":\"https:\\\/\\\/www.studioblanche.cz\\\/index.php\\\/kontakt\\\/\",\"url\":\"https:\\\/\\\/www.studioblanche.cz\\\/index.php\\\/kontakt\\\/\",\"name\":\"Kontakt - Studio Blanche\",\"isPartOf\":{\"@id\":\"https:\\\/\\\/www.studioblanche.cz\\\/#website\"},\"datePublished\":\"2018-09-23T18:48:54+00:00\",\"dateModified\":\"2023-11-10T09:44:30+00:00\",\"breadcrumb\":{\"@id\":\"https:\\\/\\\/www.studioblanche.cz\\\/index.php\\\/kontakt\\\/#breadcrumb\"},\"inLanguage\":\"cs\",\"potentialAction\":[{\"@type\":\"ReadAction\",\"target\":[\"https:\\\/\\\/www.studioblanche.cz\\\/index.php\\\/kontakt\\\/\"]}]},{\"@type\":\"BreadcrumbList\",\"@id\":\"https:\\\/\\\/www.studioblanche.cz\\\/index.php\\\/kontakt\\\/#breadcrumb\",\"itemListElement\":[{\"@type\":\"ListItem\",\"position\":1,\"name\":\"Home\",\"item\":\"https:\\\/\\\/www.studioblanche.cz\\\/\"},{\"@type\":\"ListItem\",\"position\":2,\"name\":\"Kontakt\"}]},{\"@type\":\"WebSite\",\"@id\":\"https:\\\/\\\/www.studioblanche.cz\\\/#website\",\"url\":\"https:\\\/\\\/www.studioblanche.cz\\\/\",\"name\":\"Studio Blanche\",\"description\":\"Mas\u00e1\u017ee, kter\u00e9 v\u00e1m zlep\u0161\u00ed zdrav\u00ed i n\u00e1ladu na Praze 2\",\"potentialAction\":[{\"@type\":\"SearchAction\",\"target\":{\"@type\":\"EntryPoint\",\"urlTemplate\":\"https:\\\/\\\/www.studioblanche.cz\\\/?s={search_term_string}\"},\"query-input\":{\"@type\":\"PropertyValueSpecification\",\"valueRequired\":true,\"valueName\":\"search_term_string\"}}],\"inLanguage\":\"cs\"}]}<\/script>\n<!-- \/ Yoast SEO plugin. -->","yoast_head_json":{"title":"Kontakt - Studio Blanche","robots":{"index":"index","follow":"follow","max-snippet":"max-snippet:-1","max-image-preview":"max-image-preview:large","max-video-preview":"max-video-preview:-1"},"canonical":"https:\/\/www.studioblanche.cz\/index.php\/kontakt\/","og_locale":"cs_CZ","og_type":"article","og_title":"Kontakt - Studio Blanche","og_description":"&nbsp; P\u0159ij\u010fte na mas\u00e1\u017e K prvot\u0159\u00eddn\u00ed mas\u00e1\u017ei to m\u00e1te bl\u00edzko - na\u0161e studio je v centru Prahy 2, jen kousek od N\u00e1m\u011bst\u00ed M\u00edru. P\u0159esto\u017ee m\u00e1me nabito, nech\u00e1v\u00e1me si v\u017edy prostor pro nov\u00e9 klienty - do t\u00fddne nejd\u00e9le tak u\u017e m\u016f\u017eete le\u017eet na mas\u00e1\u017en\u00edm leh\u00e1tku. :) Jsme tu pro v\u00e1s od roku 2009 Adresa Blanka \u010cern\u00e1 [&hellip;]","og_url":"https:\/\/www.studioblanche.cz\/index.php\/kontakt\/","og_site_name":"Studio Blanche","article_modified_time":"2023-11-10T09:44:30+00:00","twitter_card":"summary_large_image","twitter_misc":{"Odhadovan\u00e1 doba \u010dten\u00ed":"8 minut"},"schema":{"@context":"https:\/\/schema.org","@graph":[{"@type":"WebPage","@id":"https:\/\/www.studioblanche.cz\/index.php\/kontakt\/","url":"https:\/\/www.studioblanche.cz\/index.php\/kontakt\/","name":"Kontakt - Studio Blanche","isPartOf":{"@id":"https:\/\/www.studioblanche.cz\/#website"},"datePublished":"2018-09-23T18:48:54+00:00","dateModified":"2023-11-10T09:44:30+00:00","breadcrumb":{"@id":"https:\/\/www.studioblanche.cz\/index.php\/kontakt\/#breadcrumb"},"inLanguage":"cs","potentialAction":[{"@type":"ReadAction","target":["https:\/\/www.studioblanche.cz\/index.php\/kontakt\/"]}]},{"@type":"BreadcrumbList","@id":"https:\/\/www.studioblanche.cz\/index.php\/kontakt\/#breadcrumb","itemListElement":[{"@type":"ListItem","position":1,"name":"Home","item":"https:\/\/www.studioblanche.cz\/"},{"@type":"ListItem","position":2,"name":"Kontakt"}]},{"@type":"WebSite","@id":"https:\/\/www.studioblanche.cz\/#website","url":"https:\/\/www.studioblanche.cz\/","name":"Studio Blanche","description":"Mas\u00e1\u017ee, kter\u00e9 v\u00e1m zlep\u0161\u00ed zdrav\u00ed i n\u00e1ladu na Praze 2","potentialAction":[{"@type":"SearchAction","target":{"@type":"EntryPoint","urlTemplate":"https:\/\/www.studioblanche.cz\/?s={search_term_string}"},"query-input":{"@type":"PropertyValueSpecification","valueRequired":true,"valueName":"search_term_string"}}],"inLanguage":"cs"}]}},"_links":{"self":[{"href":"https:\/\/www.studioblanche.cz\/index.php\/wp-json\/wp\/v2\/pages\/39","targetHints":{"allow":["GET"]}}],"collection":[{"href":"https:\/\/www.studioblanche.cz\/index.php\/wp-json\/wp\/v2\/pages"}],"about":[{"href":"https:\/\/www.studioblanche.cz\/index.php\/wp-json\/wp\/v2\/types\/page"}],"author":[{"embeddable":true,"href":"https:\/\/www.studioblanche.cz\/index.php\/wp-json\/wp\/v2\/users\/3"}],"replies":[{"embeddable":true,"href":"https:\/\/www.studioblanche.cz\/index.php\/wp-json\/wp\/v2\/comments?post=39"}],"version-history":[{"count":16,"href":"https:\/\/www.studioblanche.cz\/index.php\/wp-json\/wp\/v2\/pages\/39\/revisions"}],"predecessor-version":[{"id":752,"href":"https:\/\/www.studioblanche.cz\/index.php\/wp-json\/wp\/v2\/pages\/39\/revisions\/752"}],"wp:attachment":[{"href":"https:\/\/www.studioblanche.cz\/index.php\/wp-json\/wp\/v2\/media?parent=39"}],"curies":[{"name":"wp","href":"https:\/\/api.w.org\/{rel}","templated":true}]}}