{"id":193,"date":"2018-10-12T17:12:00","date_gmt":"2018-10-12T15:12:00","guid":{"rendered":"http:\/\/new.studioblanche.cz\/?page_id=193"},"modified":"2018-11-21T23:56:34","modified_gmt":"2018-11-21T22:56:34","slug":"zpevneni-prsou","status":"publish","type":"page","link":"https:\/\/www.studioblanche.cz\/index.php\/sluzby\/zpevneni-prsou\/","title":{"rendered":"Zpevn\u011bn\u00ed prsou"},"content":{"rendered":"<p>[et_pb_section fb_built=&#8220;1&#8243; _builder_version=&#8220;3.0.47&#8243; custom_padding=&#8220;0|0px|54px|0px|false|false&#8220;][et_pb_row custom_padding=&#8220;0|0px|27px|0px|false|false&#8220; _builder_version=&#8220;3.0.48&#8243; background_size=&#8220;initial&#8220; background_position=&#8220;top_left&#8220; background_repeat=&#8220;repeat&#8220;][et_pb_column type=&#8220;4_4&#8243; _builder_version=&#8220;3.0.47&#8243; parallax=&#8220;off&#8220; parallax_method=&#8220;on&#8220;][et_pb_image src=&#8220;\/wp-content\/uploads\/2018\/09\/homepage-services.jpg&#8220; _builder_version=&#8220;3.12.2&#8243;][\/et_pb_image][\/et_pb_column][\/et_pb_row][et_pb_row _builder_version=&#8220;3.0.48&#8243; background_size=&#8220;initial&#8220; background_position=&#8220;top_left&#8220; background_repeat=&#8220;repeat&#8220;][et_pb_column type=&#8220;1_2&#8243; _builder_version=&#8220;3.0.47&#8243; parallax=&#8220;off&#8220; parallax_method=&#8220;on&#8220;][et_pb_text module_class=&#8220;service-detail-text-box&#8220; _builder_version=&#8220;3.12.2&#8243;]<\/p>\n<h2>Zpevn\u011bn\u00ed prsou<\/h2>\n<p>Dekolt vyr\u00e1\u017eej\u00edc\u00ed dech je p\u0159\u00e1n\u00edm ka\u017ed\u00e9 \u017eeny. Ne ka\u017ed\u00e1 je j\u00edm v\u0161ak od p\u0159\u00edrody vybavena, ale nemus\u00ed si zoufat, \u0159e\u0161en\u00ed existuje. Nemus\u00ed to b\u00fdt jen operace, p\u0159i n\u00ed\u017e se do p\u0159\u00edslu\u0161n\u00fdch parti\u00ed vkl\u00e1daj\u00ed implant\u00e1ty. Sta\u010d\u00ed nav\u0161t\u00edvit na\u0161e studio, kde m\u00e1me k dispozici nejmodern\u011bj\u0161\u00ed techniku od firmy Weyergans.<\/p>\n<p>Skv\u011bl\u00e9 v\u00fdsledky jsou po ukon\u010den\u00ed kojen\u00ed a rychle navr\u00e1t\u00ed Va\u0161e prsa t\u00e9m\u011b\u0159 do p\u016fvodn\u00ed podoby.<\/p>\n<p>Podtlakov\u00e9 prsn\u00ed aplik\u00e1tory se pohodln\u011b nasad\u00ed a p\u0159ipoj\u00ed k digit\u00e1ln\u00ed \u0159\u00edd\u00edc\u00ed jednotce &#8211; SPM Digital. St\u0159\u00eddav\u00fdm p\u016fsoben\u00edm podtlakov\u00e9 a tlakov\u00e9 f\u00e1ze na podko\u017en\u00ed vazivo se stimuluje prokrven\u00ed a m\u00edzn\u00ed tok. Z\u00e1rove\u0148 se podpo\u0159\u00ed l\u00e1tkov\u00e1 v\u00fdm\u011bna v tk\u00e1\u0148ov\u00fdch bu\u0148k\u00e1ch a \u010dinnost enzym\u016f, a ty za\u010dnou produkovat v\u00edce kolagenu a elastinu. To jsou l\u00e1tky, kter\u00e9 dod\u00e1vaj\u00ed prsn\u00edmu podko\u017en\u00edmu vazivu prokazateln\u011b v\u00edce pru\u017enosti, pevnosti a lep\u0161\u00ed dr\u017een\u00ed. Cel\u00e1 procedura trv\u00e1 ide\u00e1ln\u011b 40 minut, b\u011bhem kter\u00fdch se z\u00e1kaznice p\u0159\u00edjemn\u011b uvoln\u00ed. V kr\u00e1tkosti shrnuto: Poprs\u00ed bude ji\u017e po prvn\u00ed procedu\u0159e zpevn\u011bno a zmodelov\u00e1no &#8211; jako po jemn\u00e9m liftingu.<\/p>\n<p>Pro lep\u0161\u00ed \u00fa\u010dinek kombinujeme s lymfatickou mas\u00e1\u017e\u00ed krku. Po procedu\u0159e aplikujeme zpev\u0148ujic\u00ed kr\u00e9m.<\/p>\n<p>[\/et_pb_text][\/et_pb_column][et_pb_column type=&#8220;1_2&#8243; _builder_version=&#8220;3.0.47&#8243; parallax=&#8220;off&#8220; parallax_method=&#8220;on&#8220;][et_pb_text module_class=&#8220;service-detail-text-box&#8220; _builder_version=&#8220;3.12.2&#8243;]<\/p>\n<h3>V\u00fdhody<\/h3>\n<ul>\n<li><span style=\"font-size: 14px; color: #000000;\">zpevn\u011bn\u00ed ochabl\u00e9 svaloviny a vaziva poprs\u00ed<\/span><\/li>\n<li><span style=\"font-size: 14px;\"><span style=\"font-size: 14px;\">podpora tvorby nov\u00e9ho kolagenu<\/span><\/span><\/li>\n<li><span style=\"font-size: 14px;\"><span style=\"font-size: 14px;\">prokrven\u00ed v podko\u017e\u00ed v cel\u00e9 oblasti<\/span><\/span><\/li>\n<li><span style=\"font-size: 14px;\">modelace poprs\u00ed<\/span><\/li>\n<li><span style=\"font-size: 14px;\">Doporu\u010dujeme absolvovat celkovou k\u00faru p\u0159ibli\u017en\u011b 10 &#8211; 15 o\u0161et\u0159en\u00ed ide\u00e1ln\u011b 2 &#8211; 3x t\u00fddn\u011b.<\/span><\/li>\n<\/ul>\n<p>[\/et_pb_text][et_pb_text module_class=&#8220;service-detail-text-box&#8220; _builder_version=&#8220;3.12.2&#8243;]<\/p>\n<h3>Kontraindikace<\/h3>\n<ul>\n<li><span style=\"font-size: 14px; color: #000000;\">onkologick\u00e9 onemocn\u011bn\u00ed<\/span><\/li>\n<li><span style=\"font-size: 14px; color: #000000;\">bulky v prsu<\/span><\/li>\n<li><span style=\"font-size: 14px; color: #000000;\">kojen\u00ed<\/span><\/li>\n<\/ul>\n<p>[\/et_pb_text][\/et_pb_column][\/et_pb_row][\/et_pb_section]<\/p>\n","protected":false},"excerpt":{"rendered":"<p>Zpevn\u011bn\u00ed prsou Dekolt vyr\u00e1\u017eej\u00edc\u00ed dech je p\u0159\u00e1n\u00edm ka\u017ed\u00e9 \u017eeny. Ne ka\u017ed\u00e1 je j\u00edm v\u0161ak od p\u0159\u00edrody vybavena, ale nemus\u00ed si zoufat, \u0159e\u0161en\u00ed existuje. Nemus\u00ed to b\u00fdt jen operace, p\u0159i n\u00ed\u017e se do p\u0159\u00edslu\u0161n\u00fdch parti\u00ed vkl\u00e1daj\u00ed implant\u00e1ty. Sta\u010d\u00ed nav\u0161t\u00edvit na\u0161e studio, kde m\u00e1me k dispozici nejmodern\u011bj\u0161\u00ed techniku od firmy Weyergans. Skv\u011bl\u00e9 v\u00fdsledky jsou po ukon\u010den\u00ed kojen\u00ed [&hellip;]<\/p>\n","protected":false},"author":3,"featured_media":0,"parent":47,"menu_order":0,"comment_status":"closed","ping_status":"closed","template":"","meta":{"_et_pb_use_builder":"on","_et_pb_old_content":"","_et_gb_content_width":"","footnotes":""},"class_list":["post-193","page","type-page","status-publish","hentry"],"yoast_head":"<!-- This site is optimized with the Yoast SEO plugin v27.4 - https:\/\/yoast.com\/product\/yoast-seo-wordpress\/ -->\n<title>Zpevn\u011bn\u00ed prsou - Studio Blanche<\/title>\n<meta name=\"robots\" content=\"index, follow, max-snippet:-1, max-image-preview:large, max-video-preview:-1\" \/>\n<link rel=\"canonical\" href=\"https:\/\/www.studioblanche.cz\/index.php\/sluzby\/zpevneni-prsou\/\" \/>\n<meta property=\"og:locale\" content=\"cs_CZ\" \/>\n<meta property=\"og:type\" content=\"article\" \/>\n<meta property=\"og:title\" content=\"Zpevn\u011bn\u00ed prsou - Studio Blanche\" \/>\n<meta property=\"og:description\" content=\"Zpevn\u011bn\u00ed prsou Dekolt vyr\u00e1\u017eej\u00edc\u00ed dech je p\u0159\u00e1n\u00edm ka\u017ed\u00e9 \u017eeny. Ne ka\u017ed\u00e1 je j\u00edm v\u0161ak od p\u0159\u00edrody vybavena, ale nemus\u00ed si zoufat, \u0159e\u0161en\u00ed existuje. Nemus\u00ed to b\u00fdt jen operace, p\u0159i n\u00ed\u017e se do p\u0159\u00edslu\u0161n\u00fdch parti\u00ed vkl\u00e1daj\u00ed implant\u00e1ty. Sta\u010d\u00ed nav\u0161t\u00edvit na\u0161e studio, kde m\u00e1me k dispozici nejmodern\u011bj\u0161\u00ed techniku od firmy Weyergans. Skv\u011bl\u00e9 v\u00fdsledky jsou po ukon\u010den\u00ed kojen\u00ed [&hellip;]\" \/>\n<meta property=\"og:url\" content=\"https:\/\/www.studioblanche.cz\/index.php\/sluzby\/zpevneni-prsou\/\" \/>\n<meta property=\"og:site_name\" content=\"Studio Blanche\" \/>\n<meta property=\"article:modified_time\" content=\"2018-11-21T22:56:34+00:00\" \/>\n<meta name=\"twitter:card\" content=\"summary_large_image\" \/>\n<meta name=\"twitter:label1\" content=\"Odhadovan\u00e1 doba \u010dten\u00ed\" \/>\n\t<meta name=\"twitter:data1\" content=\"2 minuty\" \/>\n<script type=\"application\/ld+json\" class=\"yoast-schema-graph\">{\"@context\":\"https:\\\/\\\/schema.org\",\"@graph\":[{\"@type\":\"WebPage\",\"@id\":\"https:\\\/\\\/www.studioblanche.cz\\\/index.php\\\/sluzby\\\/zpevneni-prsou\\\/\",\"url\":\"https:\\\/\\\/www.studioblanche.cz\\\/index.php\\\/sluzby\\\/zpevneni-prsou\\\/\",\"name\":\"Zpevn\u011bn\u00ed prsou - Studio Blanche\",\"isPartOf\":{\"@id\":\"https:\\\/\\\/www.studioblanche.cz\\\/#website\"},\"datePublished\":\"2018-10-12T15:12:00+00:00\",\"dateModified\":\"2018-11-21T22:56:34+00:00\",\"breadcrumb\":{\"@id\":\"https:\\\/\\\/www.studioblanche.cz\\\/index.php\\\/sluzby\\\/zpevneni-prsou\\\/#breadcrumb\"},\"inLanguage\":\"cs\",\"potentialAction\":[{\"@type\":\"ReadAction\",\"target\":[\"https:\\\/\\\/www.studioblanche.cz\\\/index.php\\\/sluzby\\\/zpevneni-prsou\\\/\"]}]},{\"@type\":\"BreadcrumbList\",\"@id\":\"https:\\\/\\\/www.studioblanche.cz\\\/index.php\\\/sluzby\\\/zpevneni-prsou\\\/#breadcrumb\",\"itemListElement\":[{\"@type\":\"ListItem\",\"position\":1,\"name\":\"Home\",\"item\":\"https:\\\/\\\/www.studioblanche.cz\\\/\"},{\"@type\":\"ListItem\",\"position\":2,\"name\":\"Slu\u017eby\",\"item\":\"https:\\\/\\\/www.studioblanche.cz\\\/index.php\\\/sluzby\\\/\"},{\"@type\":\"ListItem\",\"position\":3,\"name\":\"Zpevn\u011bn\u00ed prsou\"}]},{\"@type\":\"WebSite\",\"@id\":\"https:\\\/\\\/www.studioblanche.cz\\\/#website\",\"url\":\"https:\\\/\\\/www.studioblanche.cz\\\/\",\"name\":\"Studio Blanche\",\"description\":\"Mas\u00e1\u017ee, kter\u00e9 v\u00e1m zlep\u0161\u00ed zdrav\u00ed i n\u00e1ladu na Praze 2\",\"potentialAction\":[{\"@type\":\"SearchAction\",\"target\":{\"@type\":\"EntryPoint\",\"urlTemplate\":\"https:\\\/\\\/www.studioblanche.cz\\\/?s={search_term_string}\"},\"query-input\":{\"@type\":\"PropertyValueSpecification\",\"valueRequired\":true,\"valueName\":\"search_term_string\"}}],\"inLanguage\":\"cs\"}]}<\/script>\n<!-- \/ Yoast SEO plugin. -->","yoast_head_json":{"title":"Zpevn\u011bn\u00ed prsou - Studio Blanche","robots":{"index":"index","follow":"follow","max-snippet":"max-snippet:-1","max-image-preview":"max-image-preview:large","max-video-preview":"max-video-preview:-1"},"canonical":"https:\/\/www.studioblanche.cz\/index.php\/sluzby\/zpevneni-prsou\/","og_locale":"cs_CZ","og_type":"article","og_title":"Zpevn\u011bn\u00ed prsou - Studio Blanche","og_description":"Zpevn\u011bn\u00ed prsou Dekolt vyr\u00e1\u017eej\u00edc\u00ed dech je p\u0159\u00e1n\u00edm ka\u017ed\u00e9 \u017eeny. Ne ka\u017ed\u00e1 je j\u00edm v\u0161ak od p\u0159\u00edrody vybavena, ale nemus\u00ed si zoufat, \u0159e\u0161en\u00ed existuje. Nemus\u00ed to b\u00fdt jen operace, p\u0159i n\u00ed\u017e se do p\u0159\u00edslu\u0161n\u00fdch parti\u00ed vkl\u00e1daj\u00ed implant\u00e1ty. Sta\u010d\u00ed nav\u0161t\u00edvit na\u0161e studio, kde m\u00e1me k dispozici nejmodern\u011bj\u0161\u00ed techniku od firmy Weyergans. Skv\u011bl\u00e9 v\u00fdsledky jsou po ukon\u010den\u00ed kojen\u00ed [&hellip;]","og_url":"https:\/\/www.studioblanche.cz\/index.php\/sluzby\/zpevneni-prsou\/","og_site_name":"Studio Blanche","article_modified_time":"2018-11-21T22:56:34+00:00","twitter_card":"summary_large_image","twitter_misc":{"Odhadovan\u00e1 doba \u010dten\u00ed":"2 minuty"},"schema":{"@context":"https:\/\/schema.org","@graph":[{"@type":"WebPage","@id":"https:\/\/www.studioblanche.cz\/index.php\/sluzby\/zpevneni-prsou\/","url":"https:\/\/www.studioblanche.cz\/index.php\/sluzby\/zpevneni-prsou\/","name":"Zpevn\u011bn\u00ed prsou - Studio Blanche","isPartOf":{"@id":"https:\/\/www.studioblanche.cz\/#website"},"datePublished":"2018-10-12T15:12:00+00:00","dateModified":"2018-11-21T22:56:34+00:00","breadcrumb":{"@id":"https:\/\/www.studioblanche.cz\/index.php\/sluzby\/zpevneni-prsou\/#breadcrumb"},"inLanguage":"cs","potentialAction":[{"@type":"ReadAction","target":["https:\/\/www.studioblanche.cz\/index.php\/sluzby\/zpevneni-prsou\/"]}]},{"@type":"BreadcrumbList","@id":"https:\/\/www.studioblanche.cz\/index.php\/sluzby\/zpevneni-prsou\/#breadcrumb","itemListElement":[{"@type":"ListItem","position":1,"name":"Home","item":"https:\/\/www.studioblanche.cz\/"},{"@type":"ListItem","position":2,"name":"Slu\u017eby","item":"https:\/\/www.studioblanche.cz\/index.php\/sluzby\/"},{"@type":"ListItem","position":3,"name":"Zpevn\u011bn\u00ed prsou"}]},{"@type":"WebSite","@id":"https:\/\/www.studioblanche.cz\/#website","url":"https:\/\/www.studioblanche.cz\/","name":"Studio Blanche","description":"Mas\u00e1\u017ee, kter\u00e9 v\u00e1m zlep\u0161\u00ed zdrav\u00ed i n\u00e1ladu na Praze 2","potentialAction":[{"@type":"SearchAction","target":{"@type":"EntryPoint","urlTemplate":"https:\/\/www.studioblanche.cz\/?s={search_term_string}"},"query-input":{"@type":"PropertyValueSpecification","valueRequired":true,"valueName":"search_term_string"}}],"inLanguage":"cs"}]}},"_links":{"self":[{"href":"https:\/\/www.studioblanche.cz\/index.php\/wp-json\/wp\/v2\/pages\/193","targetHints":{"allow":["GET"]}}],"collection":[{"href":"https:\/\/www.studioblanche.cz\/index.php\/wp-json\/wp\/v2\/pages"}],"about":[{"href":"https:\/\/www.studioblanche.cz\/index.php\/wp-json\/wp\/v2\/types\/page"}],"author":[{"embeddable":true,"href":"https:\/\/www.studioblanche.cz\/index.php\/wp-json\/wp\/v2\/users\/3"}],"replies":[{"embeddable":true,"href":"https:\/\/www.studioblanche.cz\/index.php\/wp-json\/wp\/v2\/comments?post=193"}],"version-history":[{"count":2,"href":"https:\/\/www.studioblanche.cz\/index.php\/wp-json\/wp\/v2\/pages\/193\/revisions"}],"predecessor-version":[{"id":409,"href":"https:\/\/www.studioblanche.cz\/index.php\/wp-json\/wp\/v2\/pages\/193\/revisions\/409"}],"up":[{"embeddable":true,"href":"https:\/\/www.studioblanche.cz\/index.php\/wp-json\/wp\/v2\/pages\/47"}],"wp:attachment":[{"href":"https:\/\/www.studioblanche.cz\/index.php\/wp-json\/wp\/v2\/media?parent=193"}],"curies":[{"name":"wp","href":"https:\/\/api.w.org\/{rel}","templated":true}]}}