{"id":192,"date":"2018-10-12T17:11:43","date_gmt":"2018-10-12T15:11:43","guid":{"rendered":"http:\/\/new.studioblanche.cz\/?page_id=192"},"modified":"2018-11-21T23:43:53","modified_gmt":"2018-11-21T22:43:53","slug":"zpevnujici-programy","status":"publish","type":"page","link":"https:\/\/www.studioblanche.cz\/index.php\/sluzby\/zpevnujici-programy\/","title":{"rendered":"Zpev\u0148uj\u00edc\u00ed programy"},"content":{"rendered":"<p>[et_pb_section fb_built=&#8220;1&#8243; _builder_version=&#8220;3.0.47&#8243; custom_padding=&#8220;0|0px|54px|0px|false|false&#8220;][et_pb_row custom_padding=&#8220;0|0px|27px|0px|false|false&#8220; _builder_version=&#8220;3.0.48&#8243; background_size=&#8220;initial&#8220; background_position=&#8220;top_left&#8220; background_repeat=&#8220;repeat&#8220;][et_pb_column type=&#8220;4_4&#8243; _builder_version=&#8220;3.0.47&#8243; parallax=&#8220;off&#8220; parallax_method=&#8220;on&#8220;][et_pb_image src=&#8220;\/wp-content\/uploads\/2018\/09\/homepage-services.jpg&#8220; _builder_version=&#8220;3.12.2&#8243;][\/et_pb_image][\/et_pb_column][\/et_pb_row][et_pb_row _builder_version=&#8220;3.0.48&#8243; background_size=&#8220;initial&#8220; background_position=&#8220;top_left&#8220; background_repeat=&#8220;repeat&#8220;][et_pb_column type=&#8220;1_2&#8243; _builder_version=&#8220;3.0.47&#8243; parallax=&#8220;off&#8220; parallax_method=&#8220;on&#8220;][et_pb_text module_class=&#8220;service-detail-text-box&#8220; _builder_version=&#8220;3.12.2&#8243;]<\/p>\n<h3>Ze\u0161t\u00edhlen\u00ed a celulitida<\/h3>\n<p>B\u011bhem jednoho m\u011bs\u00edce budete d\u00edky tomuto programu o p\u00e1r centimetr\u016f \u0161t\u00edhlej\u0161\u00ed, celulitida se vyhlad\u00ed, poko\u017eka bude napjat\u011bj\u0161\u00ed a budou m\u00e9n\u011b viditeln\u00e9 drobn\u00e9 \u017eilky. V r\u00e1mci m\u011bs\u00ed\u010dn\u00ed k\u00fary kombinujeme typy o\u0161et\u0159en\u00ed tak, aby v\u00fdsledek byl co nejlep\u0161\u00ed. <br \/> Vacupress (podtlakov\u00e1 mas\u00e1\u017e ba\u0148kami napom\u00e1h\u00e1 proh\u0159\u00e1t\u00ed poko\u017eky a \u0161t\u011bpen\u00ed tuk\u016f),<span class=\"Apple-converted-space\">\u00a0<\/span><\/p>\n<p>Ze\u0161t\u00edhluj\u00edc\u00ed t\u011blov\u00fd z\u00e1bal (sko\u0159icov\u00fd, termoz\u00e1bal)<span class=\"Apple-converted-space\">\u00a0<\/span><\/p>\n<p>P\u0159\u00edstrojov\u00e1 lymfodren\u00e1\u017e (odv\u00e1d\u00ed p\u0159ebyte\u010dnou lymfu-vodu z t\u011bla a vyhlazuje nerovnosti poko\u017eky)<\/p>\n<p>Mas\u00e1\u017e se prov\u00e1d\u00ed 2-3x t\u00fddn\u011b b\u011bhem jednoho m\u011bs\u00edce.<br \/> D\u00e1le m\u016f\u017eete chodit na udr\u017eovac\u00ed procedury pro prevenci proti celulitid\u011b a udr\u017een\u00ed efektu, kter\u00e9 si dohodnete s terapeutkou.<\/p>\n<p><b>O\u0161et\u0159ovan\u00e9 partie:<\/b> b\u0159\u00ed\u0161ko a boky, stehna, l\u00fdtka, h\u00fd\u017ed\u011b,<span class=\"Apple-converted-space\">\u00a0 <\/span>z\u00e1da, pa\u017ee<\/p>\n<p>Terapeutka V\u00e1m v\u017edy doporu\u010d\u00ed a sestav\u00ed program na m\u00edru, kter\u00fd je pro V\u00e1s nejlep\u0161\u00edch<\/p>\n<p>[\/et_pb_text][\/et_pb_column][et_pb_column type=&#8220;1_2&#8243; _builder_version=&#8220;3.0.47&#8243; parallax=&#8220;off&#8220; parallax_method=&#8220;on&#8220;][et_pb_text module_class=&#8220;service-detail-text-box&#8220; _builder_version=&#8220;3.12.2&#8243;]<\/p>\n<h3>V\u00fdhody<\/h3>\n<ul>\n<li>pevn\u011bj\u0161\u00ed poko\u017eku poc\u00edt\u00edte ji\u017e po prvn\u00edm o\u0161et\u0159en\u00ed<\/li>\n<li><span style=\"font-size: 14px;\">prokrven\u00ed poko\u017eky zaru\u010duje skv\u011bl\u00e9 \u00fa\u010dinky<\/span><\/li>\n<li><span style=\"font-size: 14px;\">doc\u00edl\u00edme ze\u0161t\u00edhlen\u00ed a zpevn\u011bn\u00ed poko\u017eky<\/span><\/li>\n<\/ul>\n<p>[\/et_pb_text][\/et_pb_column][\/et_pb_row][\/et_pb_section]<\/p>\n","protected":false},"excerpt":{"rendered":"<p>Ze\u0161t\u00edhlen\u00ed a celulitida B\u011bhem jednoho m\u011bs\u00edce budete d\u00edky tomuto programu o p\u00e1r centimetr\u016f \u0161t\u00edhlej\u0161\u00ed, celulitida se vyhlad\u00ed, poko\u017eka bude napjat\u011bj\u0161\u00ed a budou m\u00e9n\u011b viditeln\u00e9 drobn\u00e9 \u017eilky. V r\u00e1mci m\u011bs\u00ed\u010dn\u00ed k\u00fary kombinujeme typy o\u0161et\u0159en\u00ed tak, aby v\u00fdsledek byl co nejlep\u0161\u00ed. Vacupress (podtlakov\u00e1 mas\u00e1\u017e ba\u0148kami napom\u00e1h\u00e1 proh\u0159\u00e1t\u00ed poko\u017eky a \u0161t\u011bpen\u00ed tuk\u016f),\u00a0 Ze\u0161t\u00edhluj\u00edc\u00ed t\u011blov\u00fd z\u00e1bal (sko\u0159icov\u00fd, termoz\u00e1bal)\u00a0 P\u0159\u00edstrojov\u00e1 [&hellip;]<\/p>\n","protected":false},"author":3,"featured_media":0,"parent":47,"menu_order":0,"comment_status":"closed","ping_status":"closed","template":"","meta":{"_et_pb_use_builder":"on","_et_pb_old_content":"","_et_gb_content_width":"","footnotes":""},"class_list":["post-192","page","type-page","status-publish","hentry"],"yoast_head":"<!-- This site is optimized with the Yoast SEO plugin v27.4 - https:\/\/yoast.com\/product\/yoast-seo-wordpress\/ -->\n<title>Zpev\u0148uj\u00edc\u00ed programy - Studio Blanche<\/title>\n<meta name=\"robots\" content=\"index, follow, max-snippet:-1, max-image-preview:large, max-video-preview:-1\" \/>\n<link rel=\"canonical\" href=\"https:\/\/www.studioblanche.cz\/index.php\/sluzby\/zpevnujici-programy\/\" \/>\n<meta property=\"og:locale\" content=\"cs_CZ\" \/>\n<meta property=\"og:type\" content=\"article\" \/>\n<meta property=\"og:title\" content=\"Zpev\u0148uj\u00edc\u00ed programy - Studio Blanche\" \/>\n<meta property=\"og:description\" content=\"Ze\u0161t\u00edhlen\u00ed a celulitida B\u011bhem jednoho m\u011bs\u00edce budete d\u00edky tomuto programu o p\u00e1r centimetr\u016f \u0161t\u00edhlej\u0161\u00ed, celulitida se vyhlad\u00ed, poko\u017eka bude napjat\u011bj\u0161\u00ed a budou m\u00e9n\u011b viditeln\u00e9 drobn\u00e9 \u017eilky. V r\u00e1mci m\u011bs\u00ed\u010dn\u00ed k\u00fary kombinujeme typy o\u0161et\u0159en\u00ed tak, aby v\u00fdsledek byl co nejlep\u0161\u00ed. Vacupress (podtlakov\u00e1 mas\u00e1\u017e ba\u0148kami napom\u00e1h\u00e1 proh\u0159\u00e1t\u00ed poko\u017eky a \u0161t\u011bpen\u00ed tuk\u016f),\u00a0 Ze\u0161t\u00edhluj\u00edc\u00ed t\u011blov\u00fd z\u00e1bal (sko\u0159icov\u00fd, termoz\u00e1bal)\u00a0 P\u0159\u00edstrojov\u00e1 [&hellip;]\" \/>\n<meta property=\"og:url\" content=\"https:\/\/www.studioblanche.cz\/index.php\/sluzby\/zpevnujici-programy\/\" \/>\n<meta property=\"og:site_name\" content=\"Studio Blanche\" \/>\n<meta property=\"article:modified_time\" content=\"2018-11-21T22:43:53+00:00\" \/>\n<meta name=\"twitter:card\" content=\"summary_large_image\" \/>\n<meta name=\"twitter:label1\" content=\"Odhadovan\u00e1 doba \u010dten\u00ed\" \/>\n\t<meta name=\"twitter:data1\" content=\"2 minuty\" \/>\n<script type=\"application\/ld+json\" class=\"yoast-schema-graph\">{\"@context\":\"https:\\\/\\\/schema.org\",\"@graph\":[{\"@type\":\"WebPage\",\"@id\":\"https:\\\/\\\/www.studioblanche.cz\\\/index.php\\\/sluzby\\\/zpevnujici-programy\\\/\",\"url\":\"https:\\\/\\\/www.studioblanche.cz\\\/index.php\\\/sluzby\\\/zpevnujici-programy\\\/\",\"name\":\"Zpev\u0148uj\u00edc\u00ed programy - Studio Blanche\",\"isPartOf\":{\"@id\":\"https:\\\/\\\/www.studioblanche.cz\\\/#website\"},\"datePublished\":\"2018-10-12T15:11:43+00:00\",\"dateModified\":\"2018-11-21T22:43:53+00:00\",\"breadcrumb\":{\"@id\":\"https:\\\/\\\/www.studioblanche.cz\\\/index.php\\\/sluzby\\\/zpevnujici-programy\\\/#breadcrumb\"},\"inLanguage\":\"cs\",\"potentialAction\":[{\"@type\":\"ReadAction\",\"target\":[\"https:\\\/\\\/www.studioblanche.cz\\\/index.php\\\/sluzby\\\/zpevnujici-programy\\\/\"]}]},{\"@type\":\"BreadcrumbList\",\"@id\":\"https:\\\/\\\/www.studioblanche.cz\\\/index.php\\\/sluzby\\\/zpevnujici-programy\\\/#breadcrumb\",\"itemListElement\":[{\"@type\":\"ListItem\",\"position\":1,\"name\":\"Home\",\"item\":\"https:\\\/\\\/www.studioblanche.cz\\\/\"},{\"@type\":\"ListItem\",\"position\":2,\"name\":\"Slu\u017eby\",\"item\":\"https:\\\/\\\/www.studioblanche.cz\\\/index.php\\\/sluzby\\\/\"},{\"@type\":\"ListItem\",\"position\":3,\"name\":\"Zpev\u0148uj\u00edc\u00ed programy\"}]},{\"@type\":\"WebSite\",\"@id\":\"https:\\\/\\\/www.studioblanche.cz\\\/#website\",\"url\":\"https:\\\/\\\/www.studioblanche.cz\\\/\",\"name\":\"Studio Blanche\",\"description\":\"Mas\u00e1\u017ee, kter\u00e9 v\u00e1m zlep\u0161\u00ed zdrav\u00ed i n\u00e1ladu na Praze 2\",\"potentialAction\":[{\"@type\":\"SearchAction\",\"target\":{\"@type\":\"EntryPoint\",\"urlTemplate\":\"https:\\\/\\\/www.studioblanche.cz\\\/?s={search_term_string}\"},\"query-input\":{\"@type\":\"PropertyValueSpecification\",\"valueRequired\":true,\"valueName\":\"search_term_string\"}}],\"inLanguage\":\"cs\"}]}<\/script>\n<!-- \/ Yoast SEO plugin. -->","yoast_head_json":{"title":"Zpev\u0148uj\u00edc\u00ed programy - Studio Blanche","robots":{"index":"index","follow":"follow","max-snippet":"max-snippet:-1","max-image-preview":"max-image-preview:large","max-video-preview":"max-video-preview:-1"},"canonical":"https:\/\/www.studioblanche.cz\/index.php\/sluzby\/zpevnujici-programy\/","og_locale":"cs_CZ","og_type":"article","og_title":"Zpev\u0148uj\u00edc\u00ed programy - Studio Blanche","og_description":"Ze\u0161t\u00edhlen\u00ed a celulitida B\u011bhem jednoho m\u011bs\u00edce budete d\u00edky tomuto programu o p\u00e1r centimetr\u016f \u0161t\u00edhlej\u0161\u00ed, celulitida se vyhlad\u00ed, poko\u017eka bude napjat\u011bj\u0161\u00ed a budou m\u00e9n\u011b viditeln\u00e9 drobn\u00e9 \u017eilky. V r\u00e1mci m\u011bs\u00ed\u010dn\u00ed k\u00fary kombinujeme typy o\u0161et\u0159en\u00ed tak, aby v\u00fdsledek byl co nejlep\u0161\u00ed. Vacupress (podtlakov\u00e1 mas\u00e1\u017e ba\u0148kami napom\u00e1h\u00e1 proh\u0159\u00e1t\u00ed poko\u017eky a \u0161t\u011bpen\u00ed tuk\u016f),\u00a0 Ze\u0161t\u00edhluj\u00edc\u00ed t\u011blov\u00fd z\u00e1bal (sko\u0159icov\u00fd, termoz\u00e1bal)\u00a0 P\u0159\u00edstrojov\u00e1 [&hellip;]","og_url":"https:\/\/www.studioblanche.cz\/index.php\/sluzby\/zpevnujici-programy\/","og_site_name":"Studio Blanche","article_modified_time":"2018-11-21T22:43:53+00:00","twitter_card":"summary_large_image","twitter_misc":{"Odhadovan\u00e1 doba \u010dten\u00ed":"2 minuty"},"schema":{"@context":"https:\/\/schema.org","@graph":[{"@type":"WebPage","@id":"https:\/\/www.studioblanche.cz\/index.php\/sluzby\/zpevnujici-programy\/","url":"https:\/\/www.studioblanche.cz\/index.php\/sluzby\/zpevnujici-programy\/","name":"Zpev\u0148uj\u00edc\u00ed programy - Studio Blanche","isPartOf":{"@id":"https:\/\/www.studioblanche.cz\/#website"},"datePublished":"2018-10-12T15:11:43+00:00","dateModified":"2018-11-21T22:43:53+00:00","breadcrumb":{"@id":"https:\/\/www.studioblanche.cz\/index.php\/sluzby\/zpevnujici-programy\/#breadcrumb"},"inLanguage":"cs","potentialAction":[{"@type":"ReadAction","target":["https:\/\/www.studioblanche.cz\/index.php\/sluzby\/zpevnujici-programy\/"]}]},{"@type":"BreadcrumbList","@id":"https:\/\/www.studioblanche.cz\/index.php\/sluzby\/zpevnujici-programy\/#breadcrumb","itemListElement":[{"@type":"ListItem","position":1,"name":"Home","item":"https:\/\/www.studioblanche.cz\/"},{"@type":"ListItem","position":2,"name":"Slu\u017eby","item":"https:\/\/www.studioblanche.cz\/index.php\/sluzby\/"},{"@type":"ListItem","position":3,"name":"Zpev\u0148uj\u00edc\u00ed programy"}]},{"@type":"WebSite","@id":"https:\/\/www.studioblanche.cz\/#website","url":"https:\/\/www.studioblanche.cz\/","name":"Studio Blanche","description":"Mas\u00e1\u017ee, kter\u00e9 v\u00e1m zlep\u0161\u00ed zdrav\u00ed i n\u00e1ladu na Praze 2","potentialAction":[{"@type":"SearchAction","target":{"@type":"EntryPoint","urlTemplate":"https:\/\/www.studioblanche.cz\/?s={search_term_string}"},"query-input":{"@type":"PropertyValueSpecification","valueRequired":true,"valueName":"search_term_string"}}],"inLanguage":"cs"}]}},"_links":{"self":[{"href":"https:\/\/www.studioblanche.cz\/index.php\/wp-json\/wp\/v2\/pages\/192","targetHints":{"allow":["GET"]}}],"collection":[{"href":"https:\/\/www.studioblanche.cz\/index.php\/wp-json\/wp\/v2\/pages"}],"about":[{"href":"https:\/\/www.studioblanche.cz\/index.php\/wp-json\/wp\/v2\/types\/page"}],"author":[{"embeddable":true,"href":"https:\/\/www.studioblanche.cz\/index.php\/wp-json\/wp\/v2\/users\/3"}],"replies":[{"embeddable":true,"href":"https:\/\/www.studioblanche.cz\/index.php\/wp-json\/wp\/v2\/comments?post=192"}],"version-history":[{"count":2,"href":"https:\/\/www.studioblanche.cz\/index.php\/wp-json\/wp\/v2\/pages\/192\/revisions"}],"predecessor-version":[{"id":407,"href":"https:\/\/www.studioblanche.cz\/index.php\/wp-json\/wp\/v2\/pages\/192\/revisions\/407"}],"up":[{"embeddable":true,"href":"https:\/\/www.studioblanche.cz\/index.php\/wp-json\/wp\/v2\/pages\/47"}],"wp:attachment":[{"href":"https:\/\/www.studioblanche.cz\/index.php\/wp-json\/wp\/v2\/media?parent=192"}],"curies":[{"name":"wp","href":"https:\/\/api.w.org\/{rel}","templated":true}]}}