{"id":191,"date":"2018-10-12T17:11:27","date_gmt":"2018-10-12T15:11:27","guid":{"rendered":"http:\/\/new.studioblanche.cz\/?page_id=191"},"modified":"2018-11-21T23:30:48","modified_gmt":"2018-11-21T22:30:48","slug":"lymfodrenaze","status":"publish","type":"page","link":"https:\/\/www.studioblanche.cz\/index.php\/sluzby\/lymfodrenaze\/","title":{"rendered":"Lymfodren\u00e1\u017ee"},"content":{"rendered":"<p>[et_pb_section fb_built=&#8220;1&#8243; _builder_version=&#8220;3.0.47&#8243; custom_padding=&#8220;0|0px|54px|0px|false|false&#8220;][et_pb_row custom_padding=&#8220;0|0px|27px|0px|false|false&#8220; _builder_version=&#8220;3.0.48&#8243; background_size=&#8220;initial&#8220; background_position=&#8220;top_left&#8220; background_repeat=&#8220;repeat&#8220;][et_pb_column type=&#8220;4_4&#8243; _builder_version=&#8220;3.0.47&#8243; parallax=&#8220;off&#8220; parallax_method=&#8220;on&#8220;][et_pb_image src=&#8220;\/wp-content\/uploads\/2018\/09\/homepage-services.jpg&#8220; _builder_version=&#8220;3.12.2&#8243;][\/et_pb_image][\/et_pb_column][\/et_pb_row][et_pb_row _builder_version=&#8220;3.0.48&#8243; background_size=&#8220;initial&#8220; background_position=&#8220;top_left&#8220; background_repeat=&#8220;repeat&#8220;][et_pb_column type=&#8220;1_2&#8243; _builder_version=&#8220;3.0.47&#8243; parallax=&#8220;off&#8220; parallax_method=&#8220;on&#8220;][et_pb_text module_class=&#8220;service-detail-text-box&#8220; _builder_version=&#8220;3.12.2&#8243;]<\/p>\n<h2>Ru\u010dn\u00ed lymfodren\u00e1\u017e<\/h2>\n<p>Jedn\u00e1 se o mas\u00e1\u017e cel\u00e9ho t\u011bla v\u010detn\u011b hlavy v n\u011bkolika sestav\u00e1ch. Lymfatick\u00e1 mas\u00e1\u017e p\u0159edstavuje soustavu jemn\u00fdch speci\u00e1ln\u00edch hmat\u016f, kter\u00e9 prov\u00e1d\u00edme ur\u010dit\u00fdm tlakem a tempem v p\u0159esn\u011b stanoven\u00e9m po\u0159ad\u00ed. Nejprve se pro\u010dist\u00ed centr\u00e1ln\u00ed lymfatick\u00e9 uzliny, pot\u00e9 uzliny region\u00e1ln\u00ed, podle um\u00edst\u011bn\u00ed v t\u00e9 \u010d\u00e1sti t\u011bla, kterou zpr\u016fchod\u0148ujeme a pot\u00e9 vypuzovac\u00edmi a pumpovac\u00edmi hmaty podporujeme odtok lymfy.<\/p>\n<p>[\/et_pb_text][et_pb_text module_class=&#8220;service-detail-text-box&#8220; _builder_version=&#8220;3.12.2&#8243;]<\/p>\n<h2>P\u0159\u00edstrojov\u00e1 lymfodren\u00e1\u017e<\/h2>\n<p>Pro p\u0159\u00edstrojovou lymfodren\u00e1\u017e plat\u00ed \u00fapln\u011b stejn\u00e1 pravidla jako pro manu\u00e1ln\u00ed lymfodren\u00e1\u017e v\u010detn\u011b uvoln\u011bn\u00ed lymfatick\u00fdch cest na krku (otev\u0159en\u00ed krku) v\u017edy p\u0159ed ulo\u017een\u00edm pacienta do lymfovenu!!! Bez uvoln\u011bn\u00ed se v\u0161e to\u010d\u00ed v t\u011ble a naopak m\u016f\u017eou vzniknout otoky.<\/p>\n<p>[\/et_pb_text][\/et_pb_column][et_pb_column type=&#8220;1_2&#8243; _builder_version=&#8220;3.0.47&#8243; parallax=&#8220;off&#8220; parallax_method=&#8220;on&#8220;][et_pb_text module_class=&#8220;service-detail-text-box&#8220; _builder_version=&#8220;3.12.2&#8243;]<\/p>\n<p>Indikace:<br \/> detoxikace, celulitida, otoky a pocit t\u011b\u017ek\u00fdch nohou, regenerace a zvy\u0161ov\u00e1n\u00ed imunity, akn\u00e9, such\u00e1 ple\u0165, roz\u0161\u00ed\u0159en\u00e9 \u017eilky, migr\u00e9ny a jejich prevence, napom\u00e1h\u00e1 p\u0159i neplodnosti, zpomalen\u00ed procesu st\u00e1rnut\u00ed pleti &#8211; oddalov\u00e1n\u00ed vr\u00e1sek, odstra\u0148ov\u00e1n\u00ed kruh\u016f a otok\u016f pod o\u010dima,<span class=\"Apple-converted-space\">\u00a0 <\/span>prevence varix\u016f(k\u0159e\u010dov\u00fdch \u017eil), preventivn\u00ed o\u0161et\u0159en\u00ed u osob vystaven\u00fdch dlouhodob\u00e9mu sezen\u00ed nebo st\u00e1n\u00ed\u00ed, relaxace<\/p>\n<p>Kontrindikace:<br \/> srde\u010dn\u00ed dekompenzace, jatern\u00ed cyrhosa, otoky po u\u017e\u00edv\u00e1n\u00ed l\u00e9k\u016f, akutn\u00ed z\u00e1n\u011bty, tromb\u00f3za a zhoubn\u00e9 n\u00e1dory, akutn\u00ed bakteri\u00e1ln\u00ed nebo virov\u00e9 onemocn\u011bn\u00ed, otoky zp\u016fsoben\u00e9 onemocn\u011bn\u00edm ledvin a jater, nejasn\u00e9 b\u0159i\u0161n\u00ed obt\u00ed\u017ee, spastick\u00e1 z\u00e1cpa, ang\u00edna pectoris, hyperfunkce \u0161t\u00edtn\u00e9 \u017el\u00e1zy<span class=\"Apple-converted-space\">\u00a0<\/span><\/p>\n<p>[\/et_pb_text][\/et_pb_column][\/et_pb_row][\/et_pb_section]<\/p>\n","protected":false},"excerpt":{"rendered":"<p>Ru\u010dn\u00ed lymfodren\u00e1\u017e Jedn\u00e1 se o mas\u00e1\u017e cel\u00e9ho t\u011bla v\u010detn\u011b hlavy v n\u011bkolika sestav\u00e1ch. Lymfatick\u00e1 mas\u00e1\u017e p\u0159edstavuje soustavu jemn\u00fdch speci\u00e1ln\u00edch hmat\u016f, kter\u00e9 prov\u00e1d\u00edme ur\u010dit\u00fdm tlakem a tempem v p\u0159esn\u011b stanoven\u00e9m po\u0159ad\u00ed. Nejprve se pro\u010dist\u00ed centr\u00e1ln\u00ed lymfatick\u00e9 uzliny, pot\u00e9 uzliny region\u00e1ln\u00ed, podle um\u00edst\u011bn\u00ed v t\u00e9 \u010d\u00e1sti t\u011bla, kterou zpr\u016fchod\u0148ujeme a pot\u00e9 vypuzovac\u00edmi a pumpovac\u00edmi hmaty podporujeme odtok [&hellip;]<\/p>\n","protected":false},"author":3,"featured_media":0,"parent":47,"menu_order":0,"comment_status":"closed","ping_status":"closed","template":"","meta":{"_et_pb_use_builder":"on","_et_pb_old_content":"","_et_gb_content_width":"","footnotes":""},"class_list":["post-191","page","type-page","status-publish","hentry"],"yoast_head":"<!-- This site is optimized with the Yoast SEO plugin v27.4 - https:\/\/yoast.com\/product\/yoast-seo-wordpress\/ -->\n<title>Lymfodren\u00e1\u017ee - Studio Blanche<\/title>\n<meta name=\"robots\" content=\"index, follow, max-snippet:-1, max-image-preview:large, max-video-preview:-1\" \/>\n<link rel=\"canonical\" href=\"https:\/\/www.studioblanche.cz\/index.php\/sluzby\/lymfodrenaze\/\" \/>\n<meta property=\"og:locale\" content=\"cs_CZ\" \/>\n<meta property=\"og:type\" content=\"article\" \/>\n<meta property=\"og:title\" content=\"Lymfodren\u00e1\u017ee - Studio Blanche\" \/>\n<meta property=\"og:description\" content=\"Ru\u010dn\u00ed lymfodren\u00e1\u017e Jedn\u00e1 se o mas\u00e1\u017e cel\u00e9ho t\u011bla v\u010detn\u011b hlavy v n\u011bkolika sestav\u00e1ch. Lymfatick\u00e1 mas\u00e1\u017e p\u0159edstavuje soustavu jemn\u00fdch speci\u00e1ln\u00edch hmat\u016f, kter\u00e9 prov\u00e1d\u00edme ur\u010dit\u00fdm tlakem a tempem v p\u0159esn\u011b stanoven\u00e9m po\u0159ad\u00ed. Nejprve se pro\u010dist\u00ed centr\u00e1ln\u00ed lymfatick\u00e9 uzliny, pot\u00e9 uzliny region\u00e1ln\u00ed, podle um\u00edst\u011bn\u00ed v t\u00e9 \u010d\u00e1sti t\u011bla, kterou zpr\u016fchod\u0148ujeme a pot\u00e9 vypuzovac\u00edmi a pumpovac\u00edmi hmaty podporujeme odtok [&hellip;]\" \/>\n<meta property=\"og:url\" content=\"https:\/\/www.studioblanche.cz\/index.php\/sluzby\/lymfodrenaze\/\" \/>\n<meta property=\"og:site_name\" content=\"Studio Blanche\" \/>\n<meta property=\"article:modified_time\" content=\"2018-11-21T22:30:48+00:00\" \/>\n<meta name=\"twitter:card\" content=\"summary_large_image\" \/>\n<meta name=\"twitter:label1\" content=\"Odhadovan\u00e1 doba \u010dten\u00ed\" \/>\n\t<meta name=\"twitter:data1\" content=\"2 minuty\" \/>\n<script type=\"application\/ld+json\" class=\"yoast-schema-graph\">{\"@context\":\"https:\\\/\\\/schema.org\",\"@graph\":[{\"@type\":\"WebPage\",\"@id\":\"https:\\\/\\\/www.studioblanche.cz\\\/index.php\\\/sluzby\\\/lymfodrenaze\\\/\",\"url\":\"https:\\\/\\\/www.studioblanche.cz\\\/index.php\\\/sluzby\\\/lymfodrenaze\\\/\",\"name\":\"Lymfodren\u00e1\u017ee - Studio Blanche\",\"isPartOf\":{\"@id\":\"https:\\\/\\\/www.studioblanche.cz\\\/#website\"},\"datePublished\":\"2018-10-12T15:11:27+00:00\",\"dateModified\":\"2018-11-21T22:30:48+00:00\",\"breadcrumb\":{\"@id\":\"https:\\\/\\\/www.studioblanche.cz\\\/index.php\\\/sluzby\\\/lymfodrenaze\\\/#breadcrumb\"},\"inLanguage\":\"cs\",\"potentialAction\":[{\"@type\":\"ReadAction\",\"target\":[\"https:\\\/\\\/www.studioblanche.cz\\\/index.php\\\/sluzby\\\/lymfodrenaze\\\/\"]}]},{\"@type\":\"BreadcrumbList\",\"@id\":\"https:\\\/\\\/www.studioblanche.cz\\\/index.php\\\/sluzby\\\/lymfodrenaze\\\/#breadcrumb\",\"itemListElement\":[{\"@type\":\"ListItem\",\"position\":1,\"name\":\"Home\",\"item\":\"https:\\\/\\\/www.studioblanche.cz\\\/\"},{\"@type\":\"ListItem\",\"position\":2,\"name\":\"Slu\u017eby\",\"item\":\"https:\\\/\\\/www.studioblanche.cz\\\/index.php\\\/sluzby\\\/\"},{\"@type\":\"ListItem\",\"position\":3,\"name\":\"Lymfodren\u00e1\u017ee\"}]},{\"@type\":\"WebSite\",\"@id\":\"https:\\\/\\\/www.studioblanche.cz\\\/#website\",\"url\":\"https:\\\/\\\/www.studioblanche.cz\\\/\",\"name\":\"Studio Blanche\",\"description\":\"Mas\u00e1\u017ee, kter\u00e9 v\u00e1m zlep\u0161\u00ed zdrav\u00ed i n\u00e1ladu na Praze 2\",\"potentialAction\":[{\"@type\":\"SearchAction\",\"target\":{\"@type\":\"EntryPoint\",\"urlTemplate\":\"https:\\\/\\\/www.studioblanche.cz\\\/?s={search_term_string}\"},\"query-input\":{\"@type\":\"PropertyValueSpecification\",\"valueRequired\":true,\"valueName\":\"search_term_string\"}}],\"inLanguage\":\"cs\"}]}<\/script>\n<!-- \/ Yoast SEO plugin. -->","yoast_head_json":{"title":"Lymfodren\u00e1\u017ee - Studio Blanche","robots":{"index":"index","follow":"follow","max-snippet":"max-snippet:-1","max-image-preview":"max-image-preview:large","max-video-preview":"max-video-preview:-1"},"canonical":"https:\/\/www.studioblanche.cz\/index.php\/sluzby\/lymfodrenaze\/","og_locale":"cs_CZ","og_type":"article","og_title":"Lymfodren\u00e1\u017ee - Studio Blanche","og_description":"Ru\u010dn\u00ed lymfodren\u00e1\u017e Jedn\u00e1 se o mas\u00e1\u017e cel\u00e9ho t\u011bla v\u010detn\u011b hlavy v n\u011bkolika sestav\u00e1ch. Lymfatick\u00e1 mas\u00e1\u017e p\u0159edstavuje soustavu jemn\u00fdch speci\u00e1ln\u00edch hmat\u016f, kter\u00e9 prov\u00e1d\u00edme ur\u010dit\u00fdm tlakem a tempem v p\u0159esn\u011b stanoven\u00e9m po\u0159ad\u00ed. Nejprve se pro\u010dist\u00ed centr\u00e1ln\u00ed lymfatick\u00e9 uzliny, pot\u00e9 uzliny region\u00e1ln\u00ed, podle um\u00edst\u011bn\u00ed v t\u00e9 \u010d\u00e1sti t\u011bla, kterou zpr\u016fchod\u0148ujeme a pot\u00e9 vypuzovac\u00edmi a pumpovac\u00edmi hmaty podporujeme odtok [&hellip;]","og_url":"https:\/\/www.studioblanche.cz\/index.php\/sluzby\/lymfodrenaze\/","og_site_name":"Studio Blanche","article_modified_time":"2018-11-21T22:30:48+00:00","twitter_card":"summary_large_image","twitter_misc":{"Odhadovan\u00e1 doba \u010dten\u00ed":"2 minuty"},"schema":{"@context":"https:\/\/schema.org","@graph":[{"@type":"WebPage","@id":"https:\/\/www.studioblanche.cz\/index.php\/sluzby\/lymfodrenaze\/","url":"https:\/\/www.studioblanche.cz\/index.php\/sluzby\/lymfodrenaze\/","name":"Lymfodren\u00e1\u017ee - Studio Blanche","isPartOf":{"@id":"https:\/\/www.studioblanche.cz\/#website"},"datePublished":"2018-10-12T15:11:27+00:00","dateModified":"2018-11-21T22:30:48+00:00","breadcrumb":{"@id":"https:\/\/www.studioblanche.cz\/index.php\/sluzby\/lymfodrenaze\/#breadcrumb"},"inLanguage":"cs","potentialAction":[{"@type":"ReadAction","target":["https:\/\/www.studioblanche.cz\/index.php\/sluzby\/lymfodrenaze\/"]}]},{"@type":"BreadcrumbList","@id":"https:\/\/www.studioblanche.cz\/index.php\/sluzby\/lymfodrenaze\/#breadcrumb","itemListElement":[{"@type":"ListItem","position":1,"name":"Home","item":"https:\/\/www.studioblanche.cz\/"},{"@type":"ListItem","position":2,"name":"Slu\u017eby","item":"https:\/\/www.studioblanche.cz\/index.php\/sluzby\/"},{"@type":"ListItem","position":3,"name":"Lymfodren\u00e1\u017ee"}]},{"@type":"WebSite","@id":"https:\/\/www.studioblanche.cz\/#website","url":"https:\/\/www.studioblanche.cz\/","name":"Studio Blanche","description":"Mas\u00e1\u017ee, kter\u00e9 v\u00e1m zlep\u0161\u00ed zdrav\u00ed i n\u00e1ladu na Praze 2","potentialAction":[{"@type":"SearchAction","target":{"@type":"EntryPoint","urlTemplate":"https:\/\/www.studioblanche.cz\/?s={search_term_string}"},"query-input":{"@type":"PropertyValueSpecification","valueRequired":true,"valueName":"search_term_string"}}],"inLanguage":"cs"}]}},"_links":{"self":[{"href":"https:\/\/www.studioblanche.cz\/index.php\/wp-json\/wp\/v2\/pages\/191","targetHints":{"allow":["GET"]}}],"collection":[{"href":"https:\/\/www.studioblanche.cz\/index.php\/wp-json\/wp\/v2\/pages"}],"about":[{"href":"https:\/\/www.studioblanche.cz\/index.php\/wp-json\/wp\/v2\/types\/page"}],"author":[{"embeddable":true,"href":"https:\/\/www.studioblanche.cz\/index.php\/wp-json\/wp\/v2\/users\/3"}],"replies":[{"embeddable":true,"href":"https:\/\/www.studioblanche.cz\/index.php\/wp-json\/wp\/v2\/comments?post=191"}],"version-history":[{"count":2,"href":"https:\/\/www.studioblanche.cz\/index.php\/wp-json\/wp\/v2\/pages\/191\/revisions"}],"predecessor-version":[{"id":404,"href":"https:\/\/www.studioblanche.cz\/index.php\/wp-json\/wp\/v2\/pages\/191\/revisions\/404"}],"up":[{"embeddable":true,"href":"https:\/\/www.studioblanche.cz\/index.php\/wp-json\/wp\/v2\/pages\/47"}],"wp:attachment":[{"href":"https:\/\/www.studioblanche.cz\/index.php\/wp-json\/wp\/v2\/media?parent=191"}],"curies":[{"name":"wp","href":"https:\/\/api.w.org\/{rel}","templated":true}]}}