{"id":190,"date":"2018-10-12T17:11:12","date_gmt":"2018-10-12T15:11:12","guid":{"rendered":"http:\/\/new.studioblanche.cz\/?page_id=190"},"modified":"2019-06-19T14:58:56","modified_gmt":"2019-06-19T12:58:56","slug":"ipl-kosmetika","status":"publish","type":"page","link":"https:\/\/www.studioblanche.cz\/index.php\/sluzby\/ipl-kosmetika\/","title":{"rendered":"IPL kosmetika"},"content":{"rendered":"<p>[et_pb_section fb_built=&#8220;1&#8243; _builder_version=&#8220;3.0.47&#8243; custom_padding=&#8220;0|0px|54px|0px|false|false&#8220;][et_pb_row custom_padding=&#8220;0|0px|27px|0px|false|false&#8220; _builder_version=&#8220;3.0.48&#8243; background_size=&#8220;initial&#8220; background_position=&#8220;top_left&#8220; background_repeat=&#8220;repeat&#8220;][et_pb_column type=&#8220;4_4&#8243; _builder_version=&#8220;3.0.47&#8243; parallax=&#8220;off&#8220; parallax_method=&#8220;on&#8220;][et_pb_image src=&#8220;\/wp-content\/uploads\/2018\/09\/homepage-services.jpg&#8220; _builder_version=&#8220;3.12.2&#8243;][\/et_pb_image][\/et_pb_column][\/et_pb_row][et_pb_row _builder_version=&#8220;3.0.48&#8243; background_size=&#8220;initial&#8220; background_position=&#8220;top_left&#8220; background_repeat=&#8220;repeat&#8220;][et_pb_column type=&#8220;1_2&#8243; _builder_version=&#8220;3.0.47&#8243; parallax=&#8220;off&#8220; parallax_method=&#8220;on&#8220;][et_pb_text module_class=&#8220;service-detail-text-box&#8220; _builder_version=&#8220;3.12.2&#8243;]<\/p>\n<h2>IPL<\/h2>\n<p>Metoda IPL (intenzivn\u00ed pulsn\u00ed sv\u011btlo) je nejnov\u011bj\u0161\u00ed metodou na odstra\u0148ov\u00e1n\u00ed ne\u017e\u00e1douc\u00edho ochlupen\u00ed, akn\u00e9, roz\u0161\u00ed\u0159en\u00fdch \u010derven\u00fdch \u017eilek, sta\u0159eck\u00fdch a pigmentov\u00fdch skvrn a v neposledn\u00ed \u0159ad\u011b k fotorejuvenaci (omlazen\u00ed) pleti. Intenzivn\u00ed sv\u011bteln\u00fd impuls se absorbuje v tk\u00e1ni obsahuj\u00edc\u00ed barvivo (melanin, hemoglobin, oxyhemoglobin) a d\u00edky vznikl\u00e9 tepeln\u00e9 energii dojde ke zni\u010den\u00ed t\u011bchto c\u00edlov\u00fdch chromofor\u016f bez poru\u0161en\u00ed okoln\u00ed tk\u00e1n\u011b. P\u0159\u00edstroj IPL EXILITE m\u00e1 vodn\u00ed chlazen\u00ed a\u017e do -10\u00b0C, \u010d\u00edm\u017e zklid\u0148uje poko\u017eku a omezuje nep\u0159\u00edjemn\u00e9 pocity na minimum. L\u00e9\u010dbu je zapot\u0159eb\u00ed opakovat 4 &#8211; 6 kr\u00e1t po 4 t\u00fddnech.<\/p>\n<p>[\/et_pb_text][et_pb_text module_class=&#8220;service-detail-text-box&#8220; _builder_version=&#8220;3.12.2&#8243;]<\/p>\n<p><b>Zakl\u00e1d\u00e1me si na kvalit\u011b a pe\u010dlivosti<\/b><\/p>\n<p>N\u00e1mi pou\u017e\u00edvan\u00fd p\u0159\u00edstroj IPL EXILITE je prvn\u00edm v\u00fdrobkem sv\u00e9ho druhu \u010desk\u00e9 v\u00fdroby a pro svoje v\u00fdkony pat\u0159\u00ed k naprost\u00e9 \u0161pi\u010dce v oboru IPL.. V porovn\u00e1n\u00ed s ostatn\u00edmi IPL syst\u00e9my na trhu posouv\u00e1 hranici v\u00fdsledk\u016f o t\u0159\u00eddu v\u00fd\u0161e. P\u0159\u00edstroj obsluhuje pro\u0161kolen\u00fd zdravotnick\u00fd person\u00e1l.<\/p>\n<p>[\/et_pb_text][\/et_pb_column][et_pb_column type=&#8220;1_2&#8243; _builder_version=&#8220;3.0.47&#8243; parallax=&#8220;off&#8220; parallax_method=&#8220;on&#8220;][et_pb_text module_class=&#8220;service-detail-text-box&#8220; _builder_version=&#8220;3.12.2&#8243;]<\/p>\n<p><b>Doporu\u010den\u00ed p\u0159ed o\u0161et\u0159en\u00edm<\/b><\/p>\n<p>P\u0159ed depilac\u00ed IPL<span class=\"Apple-converted-space\">\u00a0<\/span>30 dn\u00ed neodstra\u0148ujeme chloupky strojkem, pinzetou, kr\u00e9mem ani tepl\u00fdmi vosky. Naposledy 1-2 dny p\u0159ed o\u0161et\u0159en\u00edm chloupky oholit. D\u00e9lka chloupk\u016f by m\u011bla b\u00fdt 1-2 mm. V\u00a0den v\u00fdkonu na o\u0161et\u0159ovanou partii nenan\u00e1\u0161et deodoranty nebo kr\u00e9my.<\/p>\n<p>[\/et_pb_text][et_pb_text module_class=&#8220;service-detail-text-box&#8220; _builder_version=&#8220;3.12.2&#8243;]<\/p>\n<p><b>Doporu\u010den\u00ed po o\u0161et\u0159en\u00ed:<\/b><\/p>\n<p>Lehk\u00e9 zarudnut\u00ed po o\u0161et\u0159en\u00ed IPL vymiz\u00ed b\u011bhem n\u011bkolika hodin.\u00a0Nenav\u0161t\u011bvujte sol\u00e1rium a vyvarujte se prudk\u00e9ho slune\u010dn\u00edho z\u00e1\u0159en\u00ed alespo\u0148 po dobu jednoho t\u00fddne po o\u0161et\u0159en\u00ed.\u00a0Vyvarujte se hrub\u00e9mu zach\u00e1zen\u00ed s k\u016f\u017e\u00ed v oblasti z\u00e1kroku.\u00a0Po n\u011bkolika dnech odum\u0159el\u00e9 chloupky p\u0159irozen\u011b vypadaj\u00ed.\u00a0Nedoporu\u010duje se chloupky vytrh\u00e1vat.\u00a0Nepou\u017e\u00edvat samoopalovac\u00ed p\u0159\u00edpravky m\u011bs\u00edc p\u0159ed a m\u011bs\u00edc po o\u0161et\u0159en\u00ed.\u00a0N\u011bkolik n\u00e1sleduj\u00edc\u00edch dn\u016f udr\u017eovat zv\u00fd\u0161en\u00fd p\u0159\u00edjem tekutin.\u00a0Pou\u017e\u00edvejte kr\u00e9my s ochrann\u00fdm faktorem min. 30<\/p>\n<p>[\/et_pb_text][\/et_pb_column][\/et_pb_row][\/et_pb_section]<\/p>\n","protected":false},"excerpt":{"rendered":"<p>IPL Metoda IPL (intenzivn\u00ed pulsn\u00ed sv\u011btlo) je nejnov\u011bj\u0161\u00ed metodou na odstra\u0148ov\u00e1n\u00ed ne\u017e\u00e1douc\u00edho ochlupen\u00ed, akn\u00e9, roz\u0161\u00ed\u0159en\u00fdch \u010derven\u00fdch \u017eilek, sta\u0159eck\u00fdch a pigmentov\u00fdch skvrn a v neposledn\u00ed \u0159ad\u011b k fotorejuvenaci (omlazen\u00ed) pleti. Intenzivn\u00ed sv\u011bteln\u00fd impuls se absorbuje v tk\u00e1ni obsahuj\u00edc\u00ed barvivo (melanin, hemoglobin, oxyhemoglobin) a d\u00edky vznikl\u00e9 tepeln\u00e9 energii dojde ke zni\u010den\u00ed t\u011bchto c\u00edlov\u00fdch chromofor\u016f bez poru\u0161en\u00ed okoln\u00ed [&hellip;]<\/p>\n","protected":false},"author":3,"featured_media":0,"parent":47,"menu_order":0,"comment_status":"closed","ping_status":"closed","template":"","meta":{"_et_pb_use_builder":"on","_et_pb_old_content":"","_et_gb_content_width":"","footnotes":""},"class_list":["post-190","page","type-page","status-publish","hentry"],"yoast_head":"<!-- This site is optimized with the Yoast SEO plugin v27.4 - https:\/\/yoast.com\/product\/yoast-seo-wordpress\/ -->\n<title>IPL kosmetika - Studio Blanche<\/title>\n<meta name=\"robots\" content=\"index, follow, max-snippet:-1, max-image-preview:large, max-video-preview:-1\" \/>\n<link rel=\"canonical\" href=\"https:\/\/www.studioblanche.cz\/index.php\/sluzby\/ipl-kosmetika\/\" \/>\n<meta property=\"og:locale\" content=\"cs_CZ\" \/>\n<meta property=\"og:type\" content=\"article\" \/>\n<meta property=\"og:title\" content=\"IPL kosmetika - Studio Blanche\" \/>\n<meta property=\"og:description\" content=\"IPL Metoda IPL (intenzivn\u00ed pulsn\u00ed sv\u011btlo) je nejnov\u011bj\u0161\u00ed metodou na odstra\u0148ov\u00e1n\u00ed ne\u017e\u00e1douc\u00edho ochlupen\u00ed, akn\u00e9, roz\u0161\u00ed\u0159en\u00fdch \u010derven\u00fdch \u017eilek, sta\u0159eck\u00fdch a pigmentov\u00fdch skvrn a v neposledn\u00ed \u0159ad\u011b k fotorejuvenaci (omlazen\u00ed) pleti. Intenzivn\u00ed sv\u011bteln\u00fd impuls se absorbuje v tk\u00e1ni obsahuj\u00edc\u00ed barvivo (melanin, hemoglobin, oxyhemoglobin) a d\u00edky vznikl\u00e9 tepeln\u00e9 energii dojde ke zni\u010den\u00ed t\u011bchto c\u00edlov\u00fdch chromofor\u016f bez poru\u0161en\u00ed okoln\u00ed [&hellip;]\" \/>\n<meta property=\"og:url\" content=\"https:\/\/www.studioblanche.cz\/index.php\/sluzby\/ipl-kosmetika\/\" \/>\n<meta property=\"og:site_name\" content=\"Studio Blanche\" \/>\n<meta property=\"article:modified_time\" content=\"2019-06-19T12:58:56+00:00\" \/>\n<meta name=\"twitter:card\" content=\"summary_large_image\" \/>\n<meta name=\"twitter:label1\" content=\"Odhadovan\u00e1 doba \u010dten\u00ed\" \/>\n\t<meta name=\"twitter:data1\" content=\"3 minuty\" \/>\n<script type=\"application\/ld+json\" class=\"yoast-schema-graph\">{\"@context\":\"https:\\\/\\\/schema.org\",\"@graph\":[{\"@type\":\"WebPage\",\"@id\":\"https:\\\/\\\/www.studioblanche.cz\\\/index.php\\\/sluzby\\\/ipl-kosmetika\\\/\",\"url\":\"https:\\\/\\\/www.studioblanche.cz\\\/index.php\\\/sluzby\\\/ipl-kosmetika\\\/\",\"name\":\"IPL kosmetika - Studio Blanche\",\"isPartOf\":{\"@id\":\"https:\\\/\\\/www.studioblanche.cz\\\/#website\"},\"datePublished\":\"2018-10-12T15:11:12+00:00\",\"dateModified\":\"2019-06-19T12:58:56+00:00\",\"breadcrumb\":{\"@id\":\"https:\\\/\\\/www.studioblanche.cz\\\/index.php\\\/sluzby\\\/ipl-kosmetika\\\/#breadcrumb\"},\"inLanguage\":\"cs\",\"potentialAction\":[{\"@type\":\"ReadAction\",\"target\":[\"https:\\\/\\\/www.studioblanche.cz\\\/index.php\\\/sluzby\\\/ipl-kosmetika\\\/\"]}]},{\"@type\":\"BreadcrumbList\",\"@id\":\"https:\\\/\\\/www.studioblanche.cz\\\/index.php\\\/sluzby\\\/ipl-kosmetika\\\/#breadcrumb\",\"itemListElement\":[{\"@type\":\"ListItem\",\"position\":1,\"name\":\"Home\",\"item\":\"https:\\\/\\\/www.studioblanche.cz\\\/\"},{\"@type\":\"ListItem\",\"position\":2,\"name\":\"Slu\u017eby\",\"item\":\"https:\\\/\\\/www.studioblanche.cz\\\/index.php\\\/sluzby\\\/\"},{\"@type\":\"ListItem\",\"position\":3,\"name\":\"IPL kosmetika\"}]},{\"@type\":\"WebSite\",\"@id\":\"https:\\\/\\\/www.studioblanche.cz\\\/#website\",\"url\":\"https:\\\/\\\/www.studioblanche.cz\\\/\",\"name\":\"Studio Blanche\",\"description\":\"Mas\u00e1\u017ee, kter\u00e9 v\u00e1m zlep\u0161\u00ed zdrav\u00ed i n\u00e1ladu na Praze 2\",\"potentialAction\":[{\"@type\":\"SearchAction\",\"target\":{\"@type\":\"EntryPoint\",\"urlTemplate\":\"https:\\\/\\\/www.studioblanche.cz\\\/?s={search_term_string}\"},\"query-input\":{\"@type\":\"PropertyValueSpecification\",\"valueRequired\":true,\"valueName\":\"search_term_string\"}}],\"inLanguage\":\"cs\"}]}<\/script>\n<!-- \/ Yoast SEO plugin. -->","yoast_head_json":{"title":"IPL kosmetika - Studio Blanche","robots":{"index":"index","follow":"follow","max-snippet":"max-snippet:-1","max-image-preview":"max-image-preview:large","max-video-preview":"max-video-preview:-1"},"canonical":"https:\/\/www.studioblanche.cz\/index.php\/sluzby\/ipl-kosmetika\/","og_locale":"cs_CZ","og_type":"article","og_title":"IPL kosmetika - Studio Blanche","og_description":"IPL Metoda IPL (intenzivn\u00ed pulsn\u00ed sv\u011btlo) je nejnov\u011bj\u0161\u00ed metodou na odstra\u0148ov\u00e1n\u00ed ne\u017e\u00e1douc\u00edho ochlupen\u00ed, akn\u00e9, roz\u0161\u00ed\u0159en\u00fdch \u010derven\u00fdch \u017eilek, sta\u0159eck\u00fdch a pigmentov\u00fdch skvrn a v neposledn\u00ed \u0159ad\u011b k fotorejuvenaci (omlazen\u00ed) pleti. Intenzivn\u00ed sv\u011bteln\u00fd impuls se absorbuje v tk\u00e1ni obsahuj\u00edc\u00ed barvivo (melanin, hemoglobin, oxyhemoglobin) a d\u00edky vznikl\u00e9 tepeln\u00e9 energii dojde ke zni\u010den\u00ed t\u011bchto c\u00edlov\u00fdch chromofor\u016f bez poru\u0161en\u00ed okoln\u00ed [&hellip;]","og_url":"https:\/\/www.studioblanche.cz\/index.php\/sluzby\/ipl-kosmetika\/","og_site_name":"Studio Blanche","article_modified_time":"2019-06-19T12:58:56+00:00","twitter_card":"summary_large_image","twitter_misc":{"Odhadovan\u00e1 doba \u010dten\u00ed":"3 minuty"},"schema":{"@context":"https:\/\/schema.org","@graph":[{"@type":"WebPage","@id":"https:\/\/www.studioblanche.cz\/index.php\/sluzby\/ipl-kosmetika\/","url":"https:\/\/www.studioblanche.cz\/index.php\/sluzby\/ipl-kosmetika\/","name":"IPL kosmetika - Studio Blanche","isPartOf":{"@id":"https:\/\/www.studioblanche.cz\/#website"},"datePublished":"2018-10-12T15:11:12+00:00","dateModified":"2019-06-19T12:58:56+00:00","breadcrumb":{"@id":"https:\/\/www.studioblanche.cz\/index.php\/sluzby\/ipl-kosmetika\/#breadcrumb"},"inLanguage":"cs","potentialAction":[{"@type":"ReadAction","target":["https:\/\/www.studioblanche.cz\/index.php\/sluzby\/ipl-kosmetika\/"]}]},{"@type":"BreadcrumbList","@id":"https:\/\/www.studioblanche.cz\/index.php\/sluzby\/ipl-kosmetika\/#breadcrumb","itemListElement":[{"@type":"ListItem","position":1,"name":"Home","item":"https:\/\/www.studioblanche.cz\/"},{"@type":"ListItem","position":2,"name":"Slu\u017eby","item":"https:\/\/www.studioblanche.cz\/index.php\/sluzby\/"},{"@type":"ListItem","position":3,"name":"IPL kosmetika"}]},{"@type":"WebSite","@id":"https:\/\/www.studioblanche.cz\/#website","url":"https:\/\/www.studioblanche.cz\/","name":"Studio Blanche","description":"Mas\u00e1\u017ee, kter\u00e9 v\u00e1m zlep\u0161\u00ed zdrav\u00ed i n\u00e1ladu na Praze 2","potentialAction":[{"@type":"SearchAction","target":{"@type":"EntryPoint","urlTemplate":"https:\/\/www.studioblanche.cz\/?s={search_term_string}"},"query-input":{"@type":"PropertyValueSpecification","valueRequired":true,"valueName":"search_term_string"}}],"inLanguage":"cs"}]}},"_links":{"self":[{"href":"https:\/\/www.studioblanche.cz\/index.php\/wp-json\/wp\/v2\/pages\/190","targetHints":{"allow":["GET"]}}],"collection":[{"href":"https:\/\/www.studioblanche.cz\/index.php\/wp-json\/wp\/v2\/pages"}],"about":[{"href":"https:\/\/www.studioblanche.cz\/index.php\/wp-json\/wp\/v2\/types\/page"}],"author":[{"embeddable":true,"href":"https:\/\/www.studioblanche.cz\/index.php\/wp-json\/wp\/v2\/users\/3"}],"replies":[{"embeddable":true,"href":"https:\/\/www.studioblanche.cz\/index.php\/wp-json\/wp\/v2\/comments?post=190"}],"version-history":[{"count":4,"href":"https:\/\/www.studioblanche.cz\/index.php\/wp-json\/wp\/v2\/pages\/190\/revisions"}],"predecessor-version":[{"id":596,"href":"https:\/\/www.studioblanche.cz\/index.php\/wp-json\/wp\/v2\/pages\/190\/revisions\/596"}],"up":[{"embeddable":true,"href":"https:\/\/www.studioblanche.cz\/index.php\/wp-json\/wp\/v2\/pages\/47"}],"wp:attachment":[{"href":"https:\/\/www.studioblanche.cz\/index.php\/wp-json\/wp\/v2\/media?parent=190"}],"curies":[{"name":"wp","href":"https:\/\/api.w.org\/{rel}","templated":true}]}}