{"id":181,"date":"2018-10-12T17:09:10","date_gmt":"2018-10-12T15:09:10","guid":{"rendered":"http:\/\/new.studioblanche.cz\/?page_id=181"},"modified":"2020-06-01T09:43:55","modified_gmt":"2020-06-01T07:43:55","slug":"shiatsu-masaz","status":"publish","type":"page","link":"https:\/\/www.studioblanche.cz\/index.php\/sluzby\/shiatsu-masaz\/","title":{"rendered":"Shiatsu mas\u00e1\u017e"},"content":{"rendered":"<p>[et_pb_section fb_built=&#8220;1&#8243; _builder_version=&#8220;3.0.47&#8243; custom_padding=&#8220;0|0px|54px|0px|false|false&#8220;][et_pb_row custom_padding=&#8220;0|0px|27px|0px|false|false&#8220; _builder_version=&#8220;3.0.48&#8243; background_size=&#8220;initial&#8220; background_position=&#8220;top_left&#8220; background_repeat=&#8220;repeat&#8220;][et_pb_column type=&#8220;4_4&#8243; _builder_version=&#8220;3.0.47&#8243; parallax=&#8220;off&#8220; parallax_method=&#8220;on&#8220;][et_pb_image src=&#8220;\/wp-content\/uploads\/2018\/09\/homepage-services.jpg&#8220; _builder_version=&#8220;3.12.2&#8243;][\/et_pb_image][\/et_pb_column][\/et_pb_row][et_pb_row _builder_version=&#8220;3.0.48&#8243; background_size=&#8220;initial&#8220; background_position=&#8220;top_left&#8220; background_repeat=&#8220;repeat&#8220;][et_pb_column type=&#8220;1_2&#8243; _builder_version=&#8220;3.0.47&#8243; parallax=&#8220;off&#8220; parallax_method=&#8220;on&#8220;][et_pb_text module_class=&#8220;service-detail-text-box&#8220; _builder_version=&#8220;3.12.2&#8243;]<\/p>\n<h2>Shiatsu-tlak prst\u016f\u00a0<\/h2>\n<p>Shiatsu je prastar\u00e1 japonsk\u00e1 dotykov\u00e1 terapie zahrnuj\u00edc\u00ed akupresuru, mas\u00e1\u017en\u00ed hmaty, m\u011bkk\u00e9 techniky, mobilizace, trakce, reflexn\u00ed terapii, relaxa\u010dn\u00ed techniky a moxov\u00e1n\u00ed.<\/p>\n<p>Shiatsu v\u00e1s povede k harmonii va\u0161eho t\u011bla. A v harmonick\u00e9m prost\u0159ed\u00ed nen\u00ed prostor pro nemoc.\u00a0<\/p>\n<p>[\/et_pb_text][\/et_pb_column][et_pb_column type=&#8220;1_2&#8243; _builder_version=&#8220;3.0.47&#8243; parallax=&#8220;off&#8220; parallax_method=&#8220;on&#8220;][et_pb_text module_class=&#8220;service-detail-text-box&#8220; _builder_version=&#8220;3.12.2&#8243;]<\/p>\n<h3>V\u00fdhody<\/h3>\n<ul>\n<li>p\u0159\u00edjemn\u00e9 uvoln\u011bn\u00ed t\u011bla<\/li>\n<li><span>relaxa\u010dn\u00ed a z\u00e1rove\u0148 posiluj\u00edc\u00ed \u00fa\u010dinky<\/span><\/li>\n<li>vhodn\u00e1 i jako dopl\u0148kov\u00e1 mas\u00e1\u017e\u00a0<\/li>\n<\/ul>\n<p>[\/et_pb_text][\/et_pb_column][\/et_pb_row][\/et_pb_section]<\/p>\n","protected":false},"excerpt":{"rendered":"<p>Shiatsu-tlak prst\u016f\u00a0 Shiatsu je prastar\u00e1 japonsk\u00e1 dotykov\u00e1 terapie zahrnuj\u00edc\u00ed akupresuru, mas\u00e1\u017en\u00ed hmaty, m\u011bkk\u00e9 techniky, mobilizace, trakce, reflexn\u00ed terapii, relaxa\u010dn\u00ed techniky a moxov\u00e1n\u00ed. Shiatsu v\u00e1s povede k harmonii va\u0161eho t\u011bla. A v harmonick\u00e9m prost\u0159ed\u00ed nen\u00ed prostor pro nemoc.\u00a0V\u00fdhody p\u0159\u00edjemn\u00e9 uvoln\u011bn\u00ed t\u011bla relaxa\u010dn\u00ed a z\u00e1rove\u0148 posiluj\u00edc\u00ed \u00fa\u010dinky vhodn\u00e1 i jako dopl\u0148kov\u00e1 mas\u00e1\u017e\u00a0<\/p>\n","protected":false},"author":3,"featured_media":0,"parent":47,"menu_order":0,"comment_status":"closed","ping_status":"closed","template":"","meta":{"_et_pb_use_builder":"on","_et_pb_old_content":"","_et_gb_content_width":"","footnotes":""},"class_list":["post-181","page","type-page","status-publish","hentry"],"yoast_head":"<!-- This site is optimized with the Yoast SEO plugin v27.4 - https:\/\/yoast.com\/product\/yoast-seo-wordpress\/ -->\n<title>Shiatsu mas\u00e1\u017e - Studio Blanche<\/title>\n<meta name=\"robots\" content=\"index, follow, max-snippet:-1, max-image-preview:large, max-video-preview:-1\" \/>\n<link rel=\"canonical\" href=\"https:\/\/www.studioblanche.cz\/index.php\/sluzby\/shiatsu-masaz\/\" \/>\n<meta property=\"og:locale\" content=\"cs_CZ\" \/>\n<meta property=\"og:type\" content=\"article\" \/>\n<meta property=\"og:title\" content=\"Shiatsu mas\u00e1\u017e - Studio Blanche\" \/>\n<meta property=\"og:description\" content=\"Shiatsu-tlak prst\u016f\u00a0 Shiatsu je prastar\u00e1 japonsk\u00e1 dotykov\u00e1 terapie zahrnuj\u00edc\u00ed akupresuru, mas\u00e1\u017en\u00ed hmaty, m\u011bkk\u00e9 techniky, mobilizace, trakce, reflexn\u00ed terapii, relaxa\u010dn\u00ed techniky a moxov\u00e1n\u00ed. Shiatsu v\u00e1s povede k harmonii va\u0161eho t\u011bla. A v harmonick\u00e9m prost\u0159ed\u00ed nen\u00ed prostor pro nemoc.\u00a0V\u00fdhody p\u0159\u00edjemn\u00e9 uvoln\u011bn\u00ed t\u011bla relaxa\u010dn\u00ed a z\u00e1rove\u0148 posiluj\u00edc\u00ed \u00fa\u010dinky vhodn\u00e1 i jako dopl\u0148kov\u00e1 mas\u00e1\u017e\u00a0\" \/>\n<meta property=\"og:url\" content=\"https:\/\/www.studioblanche.cz\/index.php\/sluzby\/shiatsu-masaz\/\" \/>\n<meta property=\"og:site_name\" content=\"Studio Blanche\" \/>\n<meta property=\"article:modified_time\" content=\"2020-06-01T07:43:55+00:00\" \/>\n<meta name=\"twitter:card\" content=\"summary_large_image\" \/>\n<meta name=\"twitter:label1\" content=\"Odhadovan\u00e1 doba \u010dten\u00ed\" \/>\n\t<meta name=\"twitter:data1\" content=\"1 minuta\" \/>\n<script type=\"application\/ld+json\" class=\"yoast-schema-graph\">{\"@context\":\"https:\\\/\\\/schema.org\",\"@graph\":[{\"@type\":\"WebPage\",\"@id\":\"https:\\\/\\\/www.studioblanche.cz\\\/index.php\\\/sluzby\\\/shiatsu-masaz\\\/\",\"url\":\"https:\\\/\\\/www.studioblanche.cz\\\/index.php\\\/sluzby\\\/shiatsu-masaz\\\/\",\"name\":\"Shiatsu mas\u00e1\u017e - Studio Blanche\",\"isPartOf\":{\"@id\":\"https:\\\/\\\/www.studioblanche.cz\\\/#website\"},\"datePublished\":\"2018-10-12T15:09:10+00:00\",\"dateModified\":\"2020-06-01T07:43:55+00:00\",\"breadcrumb\":{\"@id\":\"https:\\\/\\\/www.studioblanche.cz\\\/index.php\\\/sluzby\\\/shiatsu-masaz\\\/#breadcrumb\"},\"inLanguage\":\"cs\",\"potentialAction\":[{\"@type\":\"ReadAction\",\"target\":[\"https:\\\/\\\/www.studioblanche.cz\\\/index.php\\\/sluzby\\\/shiatsu-masaz\\\/\"]}]},{\"@type\":\"BreadcrumbList\",\"@id\":\"https:\\\/\\\/www.studioblanche.cz\\\/index.php\\\/sluzby\\\/shiatsu-masaz\\\/#breadcrumb\",\"itemListElement\":[{\"@type\":\"ListItem\",\"position\":1,\"name\":\"Home\",\"item\":\"https:\\\/\\\/www.studioblanche.cz\\\/\"},{\"@type\":\"ListItem\",\"position\":2,\"name\":\"Slu\u017eby\",\"item\":\"https:\\\/\\\/www.studioblanche.cz\\\/index.php\\\/sluzby\\\/\"},{\"@type\":\"ListItem\",\"position\":3,\"name\":\"Shiatsu mas\u00e1\u017e\"}]},{\"@type\":\"WebSite\",\"@id\":\"https:\\\/\\\/www.studioblanche.cz\\\/#website\",\"url\":\"https:\\\/\\\/www.studioblanche.cz\\\/\",\"name\":\"Studio Blanche\",\"description\":\"Mas\u00e1\u017ee, kter\u00e9 v\u00e1m zlep\u0161\u00ed zdrav\u00ed i n\u00e1ladu na Praze 2\",\"potentialAction\":[{\"@type\":\"SearchAction\",\"target\":{\"@type\":\"EntryPoint\",\"urlTemplate\":\"https:\\\/\\\/www.studioblanche.cz\\\/?s={search_term_string}\"},\"query-input\":{\"@type\":\"PropertyValueSpecification\",\"valueRequired\":true,\"valueName\":\"search_term_string\"}}],\"inLanguage\":\"cs\"}]}<\/script>\n<!-- \/ Yoast SEO plugin. -->","yoast_head_json":{"title":"Shiatsu mas\u00e1\u017e - Studio Blanche","robots":{"index":"index","follow":"follow","max-snippet":"max-snippet:-1","max-image-preview":"max-image-preview:large","max-video-preview":"max-video-preview:-1"},"canonical":"https:\/\/www.studioblanche.cz\/index.php\/sluzby\/shiatsu-masaz\/","og_locale":"cs_CZ","og_type":"article","og_title":"Shiatsu mas\u00e1\u017e - Studio Blanche","og_description":"Shiatsu-tlak prst\u016f\u00a0 Shiatsu je prastar\u00e1 japonsk\u00e1 dotykov\u00e1 terapie zahrnuj\u00edc\u00ed akupresuru, mas\u00e1\u017en\u00ed hmaty, m\u011bkk\u00e9 techniky, mobilizace, trakce, reflexn\u00ed terapii, relaxa\u010dn\u00ed techniky a moxov\u00e1n\u00ed. Shiatsu v\u00e1s povede k harmonii va\u0161eho t\u011bla. A v harmonick\u00e9m prost\u0159ed\u00ed nen\u00ed prostor pro nemoc.\u00a0V\u00fdhody p\u0159\u00edjemn\u00e9 uvoln\u011bn\u00ed t\u011bla relaxa\u010dn\u00ed a z\u00e1rove\u0148 posiluj\u00edc\u00ed \u00fa\u010dinky vhodn\u00e1 i jako dopl\u0148kov\u00e1 mas\u00e1\u017e\u00a0","og_url":"https:\/\/www.studioblanche.cz\/index.php\/sluzby\/shiatsu-masaz\/","og_site_name":"Studio Blanche","article_modified_time":"2020-06-01T07:43:55+00:00","twitter_card":"summary_large_image","twitter_misc":{"Odhadovan\u00e1 doba \u010dten\u00ed":"1 minuta"},"schema":{"@context":"https:\/\/schema.org","@graph":[{"@type":"WebPage","@id":"https:\/\/www.studioblanche.cz\/index.php\/sluzby\/shiatsu-masaz\/","url":"https:\/\/www.studioblanche.cz\/index.php\/sluzby\/shiatsu-masaz\/","name":"Shiatsu mas\u00e1\u017e - Studio Blanche","isPartOf":{"@id":"https:\/\/www.studioblanche.cz\/#website"},"datePublished":"2018-10-12T15:09:10+00:00","dateModified":"2020-06-01T07:43:55+00:00","breadcrumb":{"@id":"https:\/\/www.studioblanche.cz\/index.php\/sluzby\/shiatsu-masaz\/#breadcrumb"},"inLanguage":"cs","potentialAction":[{"@type":"ReadAction","target":["https:\/\/www.studioblanche.cz\/index.php\/sluzby\/shiatsu-masaz\/"]}]},{"@type":"BreadcrumbList","@id":"https:\/\/www.studioblanche.cz\/index.php\/sluzby\/shiatsu-masaz\/#breadcrumb","itemListElement":[{"@type":"ListItem","position":1,"name":"Home","item":"https:\/\/www.studioblanche.cz\/"},{"@type":"ListItem","position":2,"name":"Slu\u017eby","item":"https:\/\/www.studioblanche.cz\/index.php\/sluzby\/"},{"@type":"ListItem","position":3,"name":"Shiatsu mas\u00e1\u017e"}]},{"@type":"WebSite","@id":"https:\/\/www.studioblanche.cz\/#website","url":"https:\/\/www.studioblanche.cz\/","name":"Studio Blanche","description":"Mas\u00e1\u017ee, kter\u00e9 v\u00e1m zlep\u0161\u00ed zdrav\u00ed i n\u00e1ladu na Praze 2","potentialAction":[{"@type":"SearchAction","target":{"@type":"EntryPoint","urlTemplate":"https:\/\/www.studioblanche.cz\/?s={search_term_string}"},"query-input":{"@type":"PropertyValueSpecification","valueRequired":true,"valueName":"search_term_string"}}],"inLanguage":"cs"}]}},"_links":{"self":[{"href":"https:\/\/www.studioblanche.cz\/index.php\/wp-json\/wp\/v2\/pages\/181","targetHints":{"allow":["GET"]}}],"collection":[{"href":"https:\/\/www.studioblanche.cz\/index.php\/wp-json\/wp\/v2\/pages"}],"about":[{"href":"https:\/\/www.studioblanche.cz\/index.php\/wp-json\/wp\/v2\/types\/page"}],"author":[{"embeddable":true,"href":"https:\/\/www.studioblanche.cz\/index.php\/wp-json\/wp\/v2\/users\/3"}],"replies":[{"embeddable":true,"href":"https:\/\/www.studioblanche.cz\/index.php\/wp-json\/wp\/v2\/comments?post=181"}],"version-history":[{"count":4,"href":"https:\/\/www.studioblanche.cz\/index.php\/wp-json\/wp\/v2\/pages\/181\/revisions"}],"predecessor-version":[{"id":685,"href":"https:\/\/www.studioblanche.cz\/index.php\/wp-json\/wp\/v2\/pages\/181\/revisions\/685"}],"up":[{"embeddable":true,"href":"https:\/\/www.studioblanche.cz\/index.php\/wp-json\/wp\/v2\/pages\/47"}],"wp:attachment":[{"href":"https:\/\/www.studioblanche.cz\/index.php\/wp-json\/wp\/v2\/media?parent=181"}],"curies":[{"name":"wp","href":"https:\/\/api.w.org\/{rel}","templated":true}]}}