{"id":180,"date":"2018-10-12T17:08:44","date_gmt":"2018-10-12T15:08:44","guid":{"rendered":"http:\/\/new.studioblanche.cz\/?page_id=180"},"modified":"2018-11-04T20:26:51","modified_gmt":"2018-11-04T19:26:51","slug":"reflexni-masaz","status":"publish","type":"page","link":"https:\/\/www.studioblanche.cz\/index.php\/sluzby\/reflexni-masaz\/","title":{"rendered":"Reflexn\u00ed mas\u00e1\u017e"},"content":{"rendered":"<p>[et_pb_section fb_built=&#8220;1&#8243; _builder_version=&#8220;3.0.47&#8243; custom_padding=&#8220;0|0px|54px|0px|false|false&#8220;][et_pb_row custom_padding=&#8220;0|0px|27px|0px|false|false&#8220; _builder_version=&#8220;3.0.48&#8243; background_size=&#8220;initial&#8220; background_position=&#8220;top_left&#8220; background_repeat=&#8220;repeat&#8220;][et_pb_column type=&#8220;4_4&#8243; _builder_version=&#8220;3.0.47&#8243; parallax=&#8220;off&#8220; parallax_method=&#8220;on&#8220;][et_pb_image src=&#8220;\/wp-content\/uploads\/2018\/09\/homepage-services.jpg&#8220; _builder_version=&#8220;3.12.2&#8243;][\/et_pb_image][\/et_pb_column][\/et_pb_row][et_pb_row _builder_version=&#8220;3.0.48&#8243; background_size=&#8220;initial&#8220; background_position=&#8220;top_left&#8220; background_repeat=&#8220;repeat&#8220;][et_pb_column type=&#8220;1_2&#8243; _builder_version=&#8220;3.0.47&#8243; parallax=&#8220;off&#8220; parallax_method=&#8220;on&#8220;][et_pb_text module_class=&#8220;service-detail-text-box&#8220; _builder_version=&#8220;3.12.2&#8243;]<\/p>\n<h2>Reflexn\u00ed mas\u00e1\u017e<\/h2>\n<p>Je metoda vyu\u017e\u00edvaj\u00edc\u00ed reflexn\u00ed body a reflexn\u00ed plo\u0161ky p\u0159ev\u00e1\u017en\u011b na chodidlech a z\u00e1dech, na kter\u00e9 se p\u016fsob\u00ed tlakem. Tyto reflexn\u00ed plo\u0161ky maj\u00ed p\u0159\u00edmou souvislost s jednotliv\u00fdmi t\u011blesn\u00fdmi org\u00e1ny.<span class=\"Apple-converted-space\">\u00a0 <\/span>P\u016fsoben\u00edm lze diagnostikovat i ty nejskryt\u011bj\u0161\u00ed p\u0159\u00ed\u010diny nemoc\u00ed, kter\u00e9 jsou ukryt\u00e9 v lidsk\u00e9m t\u011ble, a z\u00e1rove\u0148 spr\u00e1vnou stimulac\u00ed mo\u017eno napomoci dostat t\u011blo do p\u016fvodn\u00ed p\u0159irozen\u00e9 harmonie. Teoretick\u00fdmi znalostmi a praktick\u00fdmi zku\u0161enostmi touto obl\u00edbenou a relativn\u011b jednoduchou metodou lze dos\u00e1hnout velmi \u00fa\u010dinn\u00e9 a mnohdy i rychl\u00e9 pomoci.<\/p>\n<p>[\/et_pb_text][\/et_pb_column][et_pb_column type=&#8220;1_2&#8243; _builder_version=&#8220;3.0.47&#8243; parallax=&#8220;off&#8220; parallax_method=&#8220;on&#8220;][et_pb_text module_class=&#8220;service-detail-text-box&#8220; _builder_version=&#8220;3.12.2&#8243;]<\/p>\n<h3>V\u00fdhody<\/h3>\n<ul>\n<li>reflexn\u00ed uvoln\u011bn\u00ed cel\u00e9ho t\u011bla<\/li>\n<li>vhodn\u00e1 i jako dopl\u0148kov\u00e1 mas\u00e1\u017e\u00a0<\/li>\n<li>diagnostika organismu<\/li>\n<\/ul>\n<p>[\/et_pb_text][\/et_pb_column][\/et_pb_row][\/et_pb_section]<\/p>\n","protected":false},"excerpt":{"rendered":"<p>Reflexn\u00ed mas\u00e1\u017e Je metoda vyu\u017e\u00edvaj\u00edc\u00ed reflexn\u00ed body a reflexn\u00ed plo\u0161ky p\u0159ev\u00e1\u017en\u011b na chodidlech a z\u00e1dech, na kter\u00e9 se p\u016fsob\u00ed tlakem. Tyto reflexn\u00ed plo\u0161ky maj\u00ed p\u0159\u00edmou souvislost s jednotliv\u00fdmi t\u011blesn\u00fdmi org\u00e1ny.\u00a0 P\u016fsoben\u00edm lze diagnostikovat i ty nejskryt\u011bj\u0161\u00ed p\u0159\u00ed\u010diny nemoc\u00ed, kter\u00e9 jsou ukryt\u00e9 v lidsk\u00e9m t\u011ble, a z\u00e1rove\u0148 spr\u00e1vnou stimulac\u00ed mo\u017eno napomoci dostat t\u011blo do p\u016fvodn\u00ed p\u0159irozen\u00e9 [&hellip;]<\/p>\n","protected":false},"author":3,"featured_media":0,"parent":47,"menu_order":0,"comment_status":"closed","ping_status":"closed","template":"","meta":{"_et_pb_use_builder":"on","_et_pb_old_content":"","_et_gb_content_width":"","footnotes":""},"class_list":["post-180","page","type-page","status-publish","hentry"],"yoast_head":"<!-- This site is optimized with the Yoast SEO plugin v27.4 - https:\/\/yoast.com\/product\/yoast-seo-wordpress\/ -->\n<title>Reflexn\u00ed mas\u00e1\u017e - Studio Blanche<\/title>\n<meta name=\"robots\" content=\"index, follow, max-snippet:-1, max-image-preview:large, max-video-preview:-1\" \/>\n<link rel=\"canonical\" href=\"https:\/\/www.studioblanche.cz\/index.php\/sluzby\/reflexni-masaz\/\" \/>\n<meta property=\"og:locale\" content=\"cs_CZ\" \/>\n<meta property=\"og:type\" content=\"article\" \/>\n<meta property=\"og:title\" content=\"Reflexn\u00ed mas\u00e1\u017e - Studio Blanche\" \/>\n<meta property=\"og:description\" content=\"Reflexn\u00ed mas\u00e1\u017e Je metoda vyu\u017e\u00edvaj\u00edc\u00ed reflexn\u00ed body a reflexn\u00ed plo\u0161ky p\u0159ev\u00e1\u017en\u011b na chodidlech a z\u00e1dech, na kter\u00e9 se p\u016fsob\u00ed tlakem. Tyto reflexn\u00ed plo\u0161ky maj\u00ed p\u0159\u00edmou souvislost s jednotliv\u00fdmi t\u011blesn\u00fdmi org\u00e1ny.\u00a0 P\u016fsoben\u00edm lze diagnostikovat i ty nejskryt\u011bj\u0161\u00ed p\u0159\u00ed\u010diny nemoc\u00ed, kter\u00e9 jsou ukryt\u00e9 v lidsk\u00e9m t\u011ble, a z\u00e1rove\u0148 spr\u00e1vnou stimulac\u00ed mo\u017eno napomoci dostat t\u011blo do p\u016fvodn\u00ed p\u0159irozen\u00e9 [&hellip;]\" \/>\n<meta property=\"og:url\" content=\"https:\/\/www.studioblanche.cz\/index.php\/sluzby\/reflexni-masaz\/\" \/>\n<meta property=\"og:site_name\" content=\"Studio Blanche\" \/>\n<meta property=\"article:modified_time\" content=\"2018-11-04T19:26:51+00:00\" \/>\n<meta name=\"twitter:card\" content=\"summary_large_image\" \/>\n<meta name=\"twitter:label1\" content=\"Odhadovan\u00e1 doba \u010dten\u00ed\" \/>\n\t<meta name=\"twitter:data1\" content=\"1 minuta\" \/>\n<script type=\"application\/ld+json\" class=\"yoast-schema-graph\">{\"@context\":\"https:\\\/\\\/schema.org\",\"@graph\":[{\"@type\":\"WebPage\",\"@id\":\"https:\\\/\\\/www.studioblanche.cz\\\/index.php\\\/sluzby\\\/reflexni-masaz\\\/\",\"url\":\"https:\\\/\\\/www.studioblanche.cz\\\/index.php\\\/sluzby\\\/reflexni-masaz\\\/\",\"name\":\"Reflexn\u00ed mas\u00e1\u017e - Studio Blanche\",\"isPartOf\":{\"@id\":\"https:\\\/\\\/www.studioblanche.cz\\\/#website\"},\"datePublished\":\"2018-10-12T15:08:44+00:00\",\"dateModified\":\"2018-11-04T19:26:51+00:00\",\"breadcrumb\":{\"@id\":\"https:\\\/\\\/www.studioblanche.cz\\\/index.php\\\/sluzby\\\/reflexni-masaz\\\/#breadcrumb\"},\"inLanguage\":\"cs\",\"potentialAction\":[{\"@type\":\"ReadAction\",\"target\":[\"https:\\\/\\\/www.studioblanche.cz\\\/index.php\\\/sluzby\\\/reflexni-masaz\\\/\"]}]},{\"@type\":\"BreadcrumbList\",\"@id\":\"https:\\\/\\\/www.studioblanche.cz\\\/index.php\\\/sluzby\\\/reflexni-masaz\\\/#breadcrumb\",\"itemListElement\":[{\"@type\":\"ListItem\",\"position\":1,\"name\":\"Home\",\"item\":\"https:\\\/\\\/www.studioblanche.cz\\\/\"},{\"@type\":\"ListItem\",\"position\":2,\"name\":\"Slu\u017eby\",\"item\":\"https:\\\/\\\/www.studioblanche.cz\\\/index.php\\\/sluzby\\\/\"},{\"@type\":\"ListItem\",\"position\":3,\"name\":\"Reflexn\u00ed mas\u00e1\u017e\"}]},{\"@type\":\"WebSite\",\"@id\":\"https:\\\/\\\/www.studioblanche.cz\\\/#website\",\"url\":\"https:\\\/\\\/www.studioblanche.cz\\\/\",\"name\":\"Studio Blanche\",\"description\":\"Mas\u00e1\u017ee, kter\u00e9 v\u00e1m zlep\u0161\u00ed zdrav\u00ed i n\u00e1ladu na Praze 2\",\"potentialAction\":[{\"@type\":\"SearchAction\",\"target\":{\"@type\":\"EntryPoint\",\"urlTemplate\":\"https:\\\/\\\/www.studioblanche.cz\\\/?s={search_term_string}\"},\"query-input\":{\"@type\":\"PropertyValueSpecification\",\"valueRequired\":true,\"valueName\":\"search_term_string\"}}],\"inLanguage\":\"cs\"}]}<\/script>\n<!-- \/ Yoast SEO plugin. -->","yoast_head_json":{"title":"Reflexn\u00ed mas\u00e1\u017e - Studio Blanche","robots":{"index":"index","follow":"follow","max-snippet":"max-snippet:-1","max-image-preview":"max-image-preview:large","max-video-preview":"max-video-preview:-1"},"canonical":"https:\/\/www.studioblanche.cz\/index.php\/sluzby\/reflexni-masaz\/","og_locale":"cs_CZ","og_type":"article","og_title":"Reflexn\u00ed mas\u00e1\u017e - Studio Blanche","og_description":"Reflexn\u00ed mas\u00e1\u017e Je metoda vyu\u017e\u00edvaj\u00edc\u00ed reflexn\u00ed body a reflexn\u00ed plo\u0161ky p\u0159ev\u00e1\u017en\u011b na chodidlech a z\u00e1dech, na kter\u00e9 se p\u016fsob\u00ed tlakem. Tyto reflexn\u00ed plo\u0161ky maj\u00ed p\u0159\u00edmou souvislost s jednotliv\u00fdmi t\u011blesn\u00fdmi org\u00e1ny.\u00a0 P\u016fsoben\u00edm lze diagnostikovat i ty nejskryt\u011bj\u0161\u00ed p\u0159\u00ed\u010diny nemoc\u00ed, kter\u00e9 jsou ukryt\u00e9 v lidsk\u00e9m t\u011ble, a z\u00e1rove\u0148 spr\u00e1vnou stimulac\u00ed mo\u017eno napomoci dostat t\u011blo do p\u016fvodn\u00ed p\u0159irozen\u00e9 [&hellip;]","og_url":"https:\/\/www.studioblanche.cz\/index.php\/sluzby\/reflexni-masaz\/","og_site_name":"Studio Blanche","article_modified_time":"2018-11-04T19:26:51+00:00","twitter_card":"summary_large_image","twitter_misc":{"Odhadovan\u00e1 doba \u010dten\u00ed":"1 minuta"},"schema":{"@context":"https:\/\/schema.org","@graph":[{"@type":"WebPage","@id":"https:\/\/www.studioblanche.cz\/index.php\/sluzby\/reflexni-masaz\/","url":"https:\/\/www.studioblanche.cz\/index.php\/sluzby\/reflexni-masaz\/","name":"Reflexn\u00ed mas\u00e1\u017e - Studio Blanche","isPartOf":{"@id":"https:\/\/www.studioblanche.cz\/#website"},"datePublished":"2018-10-12T15:08:44+00:00","dateModified":"2018-11-04T19:26:51+00:00","breadcrumb":{"@id":"https:\/\/www.studioblanche.cz\/index.php\/sluzby\/reflexni-masaz\/#breadcrumb"},"inLanguage":"cs","potentialAction":[{"@type":"ReadAction","target":["https:\/\/www.studioblanche.cz\/index.php\/sluzby\/reflexni-masaz\/"]}]},{"@type":"BreadcrumbList","@id":"https:\/\/www.studioblanche.cz\/index.php\/sluzby\/reflexni-masaz\/#breadcrumb","itemListElement":[{"@type":"ListItem","position":1,"name":"Home","item":"https:\/\/www.studioblanche.cz\/"},{"@type":"ListItem","position":2,"name":"Slu\u017eby","item":"https:\/\/www.studioblanche.cz\/index.php\/sluzby\/"},{"@type":"ListItem","position":3,"name":"Reflexn\u00ed mas\u00e1\u017e"}]},{"@type":"WebSite","@id":"https:\/\/www.studioblanche.cz\/#website","url":"https:\/\/www.studioblanche.cz\/","name":"Studio Blanche","description":"Mas\u00e1\u017ee, kter\u00e9 v\u00e1m zlep\u0161\u00ed zdrav\u00ed i n\u00e1ladu na Praze 2","potentialAction":[{"@type":"SearchAction","target":{"@type":"EntryPoint","urlTemplate":"https:\/\/www.studioblanche.cz\/?s={search_term_string}"},"query-input":{"@type":"PropertyValueSpecification","valueRequired":true,"valueName":"search_term_string"}}],"inLanguage":"cs"}]}},"_links":{"self":[{"href":"https:\/\/www.studioblanche.cz\/index.php\/wp-json\/wp\/v2\/pages\/180","targetHints":{"allow":["GET"]}}],"collection":[{"href":"https:\/\/www.studioblanche.cz\/index.php\/wp-json\/wp\/v2\/pages"}],"about":[{"href":"https:\/\/www.studioblanche.cz\/index.php\/wp-json\/wp\/v2\/types\/page"}],"author":[{"embeddable":true,"href":"https:\/\/www.studioblanche.cz\/index.php\/wp-json\/wp\/v2\/users\/3"}],"replies":[{"embeddable":true,"href":"https:\/\/www.studioblanche.cz\/index.php\/wp-json\/wp\/v2\/comments?post=180"}],"version-history":[{"count":2,"href":"https:\/\/www.studioblanche.cz\/index.php\/wp-json\/wp\/v2\/pages\/180\/revisions"}],"predecessor-version":[{"id":345,"href":"https:\/\/www.studioblanche.cz\/index.php\/wp-json\/wp\/v2\/pages\/180\/revisions\/345"}],"up":[{"embeddable":true,"href":"https:\/\/www.studioblanche.cz\/index.php\/wp-json\/wp\/v2\/pages\/47"}],"wp:attachment":[{"href":"https:\/\/www.studioblanche.cz\/index.php\/wp-json\/wp\/v2\/media?parent=180"}],"curies":[{"name":"wp","href":"https:\/\/api.w.org\/{rel}","templated":true}]}}