{"id":178,"date":"2018-10-12T17:07:41","date_gmt":"2018-10-12T15:07:41","guid":{"rendered":"http:\/\/new.studioblanche.cz\/?page_id=178"},"modified":"2018-11-04T20:09:42","modified_gmt":"2018-11-04T19:09:42","slug":"tehotenska-masaz","status":"publish","type":"page","link":"https:\/\/www.studioblanche.cz\/index.php\/sluzby\/tehotenska-masaz\/","title":{"rendered":"T\u011bhotensk\u00e1 mas\u00e1\u017e"},"content":{"rendered":"<p>[et_pb_section fb_built=&#8220;1&#8243; _builder_version=&#8220;3.0.47&#8243; custom_padding=&#8220;0|0px|54px|0px|false|false&#8220;][et_pb_row custom_padding=&#8220;0|0px|27px|0px|false|false&#8220; _builder_version=&#8220;3.0.48&#8243; background_size=&#8220;initial&#8220; background_position=&#8220;top_left&#8220; background_repeat=&#8220;repeat&#8220;][et_pb_column type=&#8220;4_4&#8243; _builder_version=&#8220;3.0.47&#8243; parallax=&#8220;off&#8220; parallax_method=&#8220;on&#8220;][et_pb_image src=&#8220;\/wp-content\/uploads\/2018\/09\/homepage-services.jpg&#8220; _builder_version=&#8220;3.12.2&#8243;][\/et_pb_image][\/et_pb_column][\/et_pb_row][et_pb_row _builder_version=&#8220;3.0.48&#8243; background_size=&#8220;initial&#8220; background_position=&#8220;top_left&#8220; background_repeat=&#8220;repeat&#8220;][et_pb_column type=&#8220;1_2&#8243; _builder_version=&#8220;3.0.47&#8243; parallax=&#8220;off&#8220; parallax_method=&#8220;on&#8220;][et_pb_text module_class=&#8220;service-detail-text-box&#8220; _builder_version=&#8220;3.12.2&#8243;]<\/p>\n<h2>T\u011bhotensk\u00e1 mas\u00e1\u017e<\/h2>\n<p>I t\u011bhotn\u00e9 \u017eeny si mohou dop\u0159\u00e1t p\u0159\u00edzniv\u00e9 \u00fa\u010dinky mas\u00e1\u017ee. Pravideln\u00e1 mas\u00e1\u017e usnad\u0148uje pr\u016fb\u011bh t\u011bhotenstv\u00ed i porodu a je velmi p\u0159\u00edjemn\u00e1 mamink\u00e1m i miminku.<\/p>\n<p>T\u011bhotensk\u00e1 mas\u00e1\u017e odstra\u0148uje otoky a pocity t\u011b\u017ek\u00fdch nohou, bolesti zad a \u0161\u00edje.<\/p>\n<p>Mas\u00e1\u017e se prov\u00e1d\u00ed v le\u017ee na z\u00e1dech nebo na boku ve stabilizovan\u00e9 poloze, tak aby to bylo pro t\u011bhulku\u00a0p\u0159\u00edjemn\u00e9.<span class=\"Apple-converted-space\">\u00a0<\/span><\/p>\n<p>[\/et_pb_text][\/et_pb_column][et_pb_column type=&#8220;1_2&#8243; _builder_version=&#8220;3.0.47&#8243; parallax=&#8220;off&#8220; parallax_method=&#8220;on&#8220;][et_pb_text module_class=&#8220;service-detail-text-box&#8220; _builder_version=&#8220;3.12.2&#8243;]<\/p>\n<h3>V\u00fdhody<\/h3>\n<ul>\n<li>ulevuje p\u0159i bolesti zad<\/li>\n<li>odstra\u0148uje nap\u011bt\u00ed<\/li>\n<li>zlep\u0161uje psychick\u00fd stav<\/li>\n<\/ul>\n<p>[\/et_pb_text][\/et_pb_column][\/et_pb_row][\/et_pb_section]<\/p>\n","protected":false},"excerpt":{"rendered":"<p>T\u011bhotensk\u00e1 mas\u00e1\u017e I t\u011bhotn\u00e9 \u017eeny si mohou dop\u0159\u00e1t p\u0159\u00edzniv\u00e9 \u00fa\u010dinky mas\u00e1\u017ee. Pravideln\u00e1 mas\u00e1\u017e usnad\u0148uje pr\u016fb\u011bh t\u011bhotenstv\u00ed i porodu a je velmi p\u0159\u00edjemn\u00e1 mamink\u00e1m i miminku. T\u011bhotensk\u00e1 mas\u00e1\u017e odstra\u0148uje otoky a pocity t\u011b\u017ek\u00fdch nohou, bolesti zad a \u0161\u00edje. Mas\u00e1\u017e se prov\u00e1d\u00ed v le\u017ee na z\u00e1dech nebo na boku ve stabilizovan\u00e9 poloze, tak aby to bylo pro [&hellip;]<\/p>\n","protected":false},"author":3,"featured_media":0,"parent":47,"menu_order":0,"comment_status":"closed","ping_status":"closed","template":"","meta":{"_et_pb_use_builder":"on","_et_pb_old_content":"","_et_gb_content_width":"","footnotes":""},"class_list":["post-178","page","type-page","status-publish","hentry"],"yoast_head":"<!-- This site is optimized with the Yoast SEO plugin v27.4 - https:\/\/yoast.com\/product\/yoast-seo-wordpress\/ -->\n<title>T\u011bhotensk\u00e1 mas\u00e1\u017e - Studio Blanche<\/title>\n<meta name=\"robots\" content=\"index, follow, max-snippet:-1, max-image-preview:large, max-video-preview:-1\" \/>\n<link rel=\"canonical\" href=\"https:\/\/www.studioblanche.cz\/index.php\/sluzby\/tehotenska-masaz\/\" \/>\n<meta property=\"og:locale\" content=\"cs_CZ\" \/>\n<meta property=\"og:type\" content=\"article\" \/>\n<meta property=\"og:title\" content=\"T\u011bhotensk\u00e1 mas\u00e1\u017e - Studio Blanche\" \/>\n<meta property=\"og:description\" content=\"T\u011bhotensk\u00e1 mas\u00e1\u017e I t\u011bhotn\u00e9 \u017eeny si mohou dop\u0159\u00e1t p\u0159\u00edzniv\u00e9 \u00fa\u010dinky mas\u00e1\u017ee. Pravideln\u00e1 mas\u00e1\u017e usnad\u0148uje pr\u016fb\u011bh t\u011bhotenstv\u00ed i porodu a je velmi p\u0159\u00edjemn\u00e1 mamink\u00e1m i miminku. T\u011bhotensk\u00e1 mas\u00e1\u017e odstra\u0148uje otoky a pocity t\u011b\u017ek\u00fdch nohou, bolesti zad a \u0161\u00edje. Mas\u00e1\u017e se prov\u00e1d\u00ed v le\u017ee na z\u00e1dech nebo na boku ve stabilizovan\u00e9 poloze, tak aby to bylo pro [&hellip;]\" \/>\n<meta property=\"og:url\" content=\"https:\/\/www.studioblanche.cz\/index.php\/sluzby\/tehotenska-masaz\/\" \/>\n<meta property=\"og:site_name\" content=\"Studio Blanche\" \/>\n<meta property=\"article:modified_time\" content=\"2018-11-04T19:09:42+00:00\" \/>\n<meta name=\"twitter:card\" content=\"summary_large_image\" \/>\n<meta name=\"twitter:label1\" content=\"Odhadovan\u00e1 doba \u010dten\u00ed\" \/>\n\t<meta name=\"twitter:data1\" content=\"1 minuta\" \/>\n<script type=\"application\/ld+json\" class=\"yoast-schema-graph\">{\"@context\":\"https:\\\/\\\/schema.org\",\"@graph\":[{\"@type\":\"WebPage\",\"@id\":\"https:\\\/\\\/www.studioblanche.cz\\\/index.php\\\/sluzby\\\/tehotenska-masaz\\\/\",\"url\":\"https:\\\/\\\/www.studioblanche.cz\\\/index.php\\\/sluzby\\\/tehotenska-masaz\\\/\",\"name\":\"T\u011bhotensk\u00e1 mas\u00e1\u017e - Studio Blanche\",\"isPartOf\":{\"@id\":\"https:\\\/\\\/www.studioblanche.cz\\\/#website\"},\"datePublished\":\"2018-10-12T15:07:41+00:00\",\"dateModified\":\"2018-11-04T19:09:42+00:00\",\"breadcrumb\":{\"@id\":\"https:\\\/\\\/www.studioblanche.cz\\\/index.php\\\/sluzby\\\/tehotenska-masaz\\\/#breadcrumb\"},\"inLanguage\":\"cs\",\"potentialAction\":[{\"@type\":\"ReadAction\",\"target\":[\"https:\\\/\\\/www.studioblanche.cz\\\/index.php\\\/sluzby\\\/tehotenska-masaz\\\/\"]}]},{\"@type\":\"BreadcrumbList\",\"@id\":\"https:\\\/\\\/www.studioblanche.cz\\\/index.php\\\/sluzby\\\/tehotenska-masaz\\\/#breadcrumb\",\"itemListElement\":[{\"@type\":\"ListItem\",\"position\":1,\"name\":\"Home\",\"item\":\"https:\\\/\\\/www.studioblanche.cz\\\/\"},{\"@type\":\"ListItem\",\"position\":2,\"name\":\"Slu\u017eby\",\"item\":\"https:\\\/\\\/www.studioblanche.cz\\\/index.php\\\/sluzby\\\/\"},{\"@type\":\"ListItem\",\"position\":3,\"name\":\"T\u011bhotensk\u00e1 mas\u00e1\u017e\"}]},{\"@type\":\"WebSite\",\"@id\":\"https:\\\/\\\/www.studioblanche.cz\\\/#website\",\"url\":\"https:\\\/\\\/www.studioblanche.cz\\\/\",\"name\":\"Studio Blanche\",\"description\":\"Mas\u00e1\u017ee, kter\u00e9 v\u00e1m zlep\u0161\u00ed zdrav\u00ed i n\u00e1ladu na Praze 2\",\"potentialAction\":[{\"@type\":\"SearchAction\",\"target\":{\"@type\":\"EntryPoint\",\"urlTemplate\":\"https:\\\/\\\/www.studioblanche.cz\\\/?s={search_term_string}\"},\"query-input\":{\"@type\":\"PropertyValueSpecification\",\"valueRequired\":true,\"valueName\":\"search_term_string\"}}],\"inLanguage\":\"cs\"}]}<\/script>\n<!-- \/ Yoast SEO plugin. -->","yoast_head_json":{"title":"T\u011bhotensk\u00e1 mas\u00e1\u017e - Studio Blanche","robots":{"index":"index","follow":"follow","max-snippet":"max-snippet:-1","max-image-preview":"max-image-preview:large","max-video-preview":"max-video-preview:-1"},"canonical":"https:\/\/www.studioblanche.cz\/index.php\/sluzby\/tehotenska-masaz\/","og_locale":"cs_CZ","og_type":"article","og_title":"T\u011bhotensk\u00e1 mas\u00e1\u017e - Studio Blanche","og_description":"T\u011bhotensk\u00e1 mas\u00e1\u017e I t\u011bhotn\u00e9 \u017eeny si mohou dop\u0159\u00e1t p\u0159\u00edzniv\u00e9 \u00fa\u010dinky mas\u00e1\u017ee. Pravideln\u00e1 mas\u00e1\u017e usnad\u0148uje pr\u016fb\u011bh t\u011bhotenstv\u00ed i porodu a je velmi p\u0159\u00edjemn\u00e1 mamink\u00e1m i miminku. T\u011bhotensk\u00e1 mas\u00e1\u017e odstra\u0148uje otoky a pocity t\u011b\u017ek\u00fdch nohou, bolesti zad a \u0161\u00edje. Mas\u00e1\u017e se prov\u00e1d\u00ed v le\u017ee na z\u00e1dech nebo na boku ve stabilizovan\u00e9 poloze, tak aby to bylo pro [&hellip;]","og_url":"https:\/\/www.studioblanche.cz\/index.php\/sluzby\/tehotenska-masaz\/","og_site_name":"Studio Blanche","article_modified_time":"2018-11-04T19:09:42+00:00","twitter_card":"summary_large_image","twitter_misc":{"Odhadovan\u00e1 doba \u010dten\u00ed":"1 minuta"},"schema":{"@context":"https:\/\/schema.org","@graph":[{"@type":"WebPage","@id":"https:\/\/www.studioblanche.cz\/index.php\/sluzby\/tehotenska-masaz\/","url":"https:\/\/www.studioblanche.cz\/index.php\/sluzby\/tehotenska-masaz\/","name":"T\u011bhotensk\u00e1 mas\u00e1\u017e - Studio Blanche","isPartOf":{"@id":"https:\/\/www.studioblanche.cz\/#website"},"datePublished":"2018-10-12T15:07:41+00:00","dateModified":"2018-11-04T19:09:42+00:00","breadcrumb":{"@id":"https:\/\/www.studioblanche.cz\/index.php\/sluzby\/tehotenska-masaz\/#breadcrumb"},"inLanguage":"cs","potentialAction":[{"@type":"ReadAction","target":["https:\/\/www.studioblanche.cz\/index.php\/sluzby\/tehotenska-masaz\/"]}]},{"@type":"BreadcrumbList","@id":"https:\/\/www.studioblanche.cz\/index.php\/sluzby\/tehotenska-masaz\/#breadcrumb","itemListElement":[{"@type":"ListItem","position":1,"name":"Home","item":"https:\/\/www.studioblanche.cz\/"},{"@type":"ListItem","position":2,"name":"Slu\u017eby","item":"https:\/\/www.studioblanche.cz\/index.php\/sluzby\/"},{"@type":"ListItem","position":3,"name":"T\u011bhotensk\u00e1 mas\u00e1\u017e"}]},{"@type":"WebSite","@id":"https:\/\/www.studioblanche.cz\/#website","url":"https:\/\/www.studioblanche.cz\/","name":"Studio Blanche","description":"Mas\u00e1\u017ee, kter\u00e9 v\u00e1m zlep\u0161\u00ed zdrav\u00ed i n\u00e1ladu na Praze 2","potentialAction":[{"@type":"SearchAction","target":{"@type":"EntryPoint","urlTemplate":"https:\/\/www.studioblanche.cz\/?s={search_term_string}"},"query-input":{"@type":"PropertyValueSpecification","valueRequired":true,"valueName":"search_term_string"}}],"inLanguage":"cs"}]}},"_links":{"self":[{"href":"https:\/\/www.studioblanche.cz\/index.php\/wp-json\/wp\/v2\/pages\/178","targetHints":{"allow":["GET"]}}],"collection":[{"href":"https:\/\/www.studioblanche.cz\/index.php\/wp-json\/wp\/v2\/pages"}],"about":[{"href":"https:\/\/www.studioblanche.cz\/index.php\/wp-json\/wp\/v2\/types\/page"}],"author":[{"embeddable":true,"href":"https:\/\/www.studioblanche.cz\/index.php\/wp-json\/wp\/v2\/users\/3"}],"replies":[{"embeddable":true,"href":"https:\/\/www.studioblanche.cz\/index.php\/wp-json\/wp\/v2\/comments?post=178"}],"version-history":[{"count":3,"href":"https:\/\/www.studioblanche.cz\/index.php\/wp-json\/wp\/v2\/pages\/178\/revisions"}],"predecessor-version":[{"id":341,"href":"https:\/\/www.studioblanche.cz\/index.php\/wp-json\/wp\/v2\/pages\/178\/revisions\/341"}],"up":[{"embeddable":true,"href":"https:\/\/www.studioblanche.cz\/index.php\/wp-json\/wp\/v2\/pages\/47"}],"wp:attachment":[{"href":"https:\/\/www.studioblanche.cz\/index.php\/wp-json\/wp\/v2\/media?parent=178"}],"curies":[{"name":"wp","href":"https:\/\/api.w.org\/{rel}","templated":true}]}}