{"id":157,"date":"2018-10-12T16:34:07","date_gmt":"2018-10-12T14:34:07","guid":{"rendered":"http:\/\/new.studioblanche.cz\/?page_id=157"},"modified":"2020-06-01T10:30:08","modified_gmt":"2020-06-01T08:30:08","slug":"odborna-masaz","status":"publish","type":"page","link":"https:\/\/www.studioblanche.cz\/index.php\/sluzby\/odborna-masaz\/","title":{"rendered":"Odborn\u00e1 mas\u00e1\u017e"},"content":{"rendered":"<p>[et_pb_section fb_built=&#8220;1&#8243; _builder_version=&#8220;3.12.2&#8243;][et_pb_row _builder_version=&#8220;3.12.2&#8243;][et_pb_column type=&#8220;1_2&#8243; _builder_version=&#8220;3.12.2&#8243; parallax=&#8220;off&#8220; parallax_method=&#8220;on&#8220;][et_pb_text module_class=&#8220;service-detail-text-box&#8220; _builder_version=&#8220;3.12.2&#8243;]<\/p>\n<h2>Odborn\u00e1 mas\u00e1\u017e<\/h2>\n<p>C\u00edlem mas\u00e1\u017e\u00ed je ulevit nap\u011bt\u00ed ve svalech, odstranit \u00fanavu a obnovit tok energie.\u00a0Je velmi vhodn\u00e1 u chronick\u00fdch bolestiv\u00fdch stav\u016f, kde napom\u00e1h\u00e1 uvoln\u011bn\u00ed bolestiv\u00fdch spasm\u016f a blok\u016f vznikl\u00fdch v d\u016fsledku r\u016fzn\u00fdch \u00faraz\u016f a p\u0159et\u011b\u017eov\u00e1n\u00ed organismu.Mas\u00e1\u017e p\u016fsob\u00ed na krevn\u00ed ob\u011bh a p\u0159isp\u00edv\u00e1 k rozta\u017een\u00ed c\u00e9v. Stimulace nerv\u016f a krevn\u00edho ob\u011bhu ovliv\u0148uje i vnit\u0159n\u00ed org\u00e1ny. Prost\u0159ednictv\u00edm lymfatick\u00e9ho syst\u00e9mu odstra\u0148uje z t\u011bla odpadn\u00ed l\u00e1tky a jedy. P\u0159i bolesti sval\u016f napom\u00e1h\u00e1 p\u00e1te\u0159i a s n\u00ed spojen\u00fdm sval\u016fm ke spr\u00e1vn\u00e9mu dr\u017een\u00ed t\u011bla. Zbav\u00edme-li se svalov\u00e9ho nap\u011bt\u00ed, c\u00edt\u00edme se leh\u010d\u00ed, p\u0159irozen\u011bji a sebejist\u011bji. Krom\u011b fyziologick\u00e9ho \u00fa\u010dinku m\u00e1 mas\u00e1\u017e i velk\u00fd psychologick\u00fd vliv.<\/p>\n<p>[\/et_pb_text][\/et_pb_column][et_pb_column type=&#8220;1_2&#8243; _builder_version=&#8220;3.12.2&#8243; parallax=&#8220;off&#8220; parallax_method=&#8220;on&#8220;][et_pb_text module_class=&#8220;service-detail-text-box&#8220; _builder_version=&#8220;3.12.2&#8243;]<\/p>\n<h2>Individu\u00e1ln\u00ed mas\u00e1\u017e<\/h2>\n<p>Kombinace mas\u00e1\u017e\u00ed dle pot\u0159eby klienta, aby do\u0161lo k co nejv\u011bt\u0161\u00edmu efektu individu\u00e1ln\u011b zam\u011b\u0159en\u00e1 na probl\u00e9mov\u00e9 partie klienta.<\/p>\n<p>[\/et_pb_text][et_pb_text module_class=&#8220;service-detail-text-box&#8220; _builder_version=&#8220;3.12.2&#8243; global_module=&#8220;381&#8243;]<\/p>\n<h3>V\u00fdhody<\/h3>\n<ul>\n<li>ide\u00e1ln\u00ed jako prvn\u00ed mas\u00e1\u017e<\/li>\n<li>zjist\u00edme spole\u010dn\u011b, jak d\u00e1l postupovat<\/li>\n<li>fyzick\u00e1 i psychick\u00e1 \u00faleva<\/li>\n<\/ul>\n<p>[\/et_pb_text][\/et_pb_column][\/et_pb_row][\/et_pb_section]<\/p>\n","protected":false},"excerpt":{"rendered":"<p>Odborn\u00e1 mas\u00e1\u017e C\u00edlem mas\u00e1\u017e\u00ed je ulevit nap\u011bt\u00ed ve svalech, odstranit \u00fanavu a obnovit tok energie.\u00a0Je velmi vhodn\u00e1 u chronick\u00fdch bolestiv\u00fdch stav\u016f, kde napom\u00e1h\u00e1 uvoln\u011bn\u00ed bolestiv\u00fdch spasm\u016f a blok\u016f vznikl\u00fdch v d\u016fsledku r\u016fzn\u00fdch \u00faraz\u016f a p\u0159et\u011b\u017eov\u00e1n\u00ed organismu.Mas\u00e1\u017e p\u016fsob\u00ed na krevn\u00ed ob\u011bh a p\u0159isp\u00edv\u00e1 k rozta\u017een\u00ed c\u00e9v. Stimulace nerv\u016f a krevn\u00edho ob\u011bhu ovliv\u0148uje i vnit\u0159n\u00ed org\u00e1ny. Prost\u0159ednictv\u00edm [&hellip;]<\/p>\n","protected":false},"author":3,"featured_media":0,"parent":47,"menu_order":0,"comment_status":"closed","ping_status":"closed","template":"","meta":{"_et_pb_use_builder":"on","_et_pb_old_content":"","_et_gb_content_width":"","footnotes":""},"class_list":["post-157","page","type-page","status-publish","hentry"],"yoast_head":"<!-- This site is optimized with the Yoast SEO plugin v27.4 - https:\/\/yoast.com\/product\/yoast-seo-wordpress\/ -->\n<title>Odborn\u00e1 mas\u00e1\u017e - Studio Blanche<\/title>\n<meta name=\"robots\" content=\"index, follow, max-snippet:-1, max-image-preview:large, max-video-preview:-1\" \/>\n<link rel=\"canonical\" href=\"https:\/\/www.studioblanche.cz\/index.php\/sluzby\/odborna-masaz\/\" \/>\n<meta property=\"og:locale\" content=\"cs_CZ\" \/>\n<meta property=\"og:type\" content=\"article\" \/>\n<meta property=\"og:title\" content=\"Odborn\u00e1 mas\u00e1\u017e - Studio Blanche\" \/>\n<meta property=\"og:description\" content=\"Odborn\u00e1 mas\u00e1\u017e C\u00edlem mas\u00e1\u017e\u00ed je ulevit nap\u011bt\u00ed ve svalech, odstranit \u00fanavu a obnovit tok energie.\u00a0Je velmi vhodn\u00e1 u chronick\u00fdch bolestiv\u00fdch stav\u016f, kde napom\u00e1h\u00e1 uvoln\u011bn\u00ed bolestiv\u00fdch spasm\u016f a blok\u016f vznikl\u00fdch v d\u016fsledku r\u016fzn\u00fdch \u00faraz\u016f a p\u0159et\u011b\u017eov\u00e1n\u00ed organismu.Mas\u00e1\u017e p\u016fsob\u00ed na krevn\u00ed ob\u011bh a p\u0159isp\u00edv\u00e1 k rozta\u017een\u00ed c\u00e9v. Stimulace nerv\u016f a krevn\u00edho ob\u011bhu ovliv\u0148uje i vnit\u0159n\u00ed org\u00e1ny. Prost\u0159ednictv\u00edm [&hellip;]\" \/>\n<meta property=\"og:url\" content=\"https:\/\/www.studioblanche.cz\/index.php\/sluzby\/odborna-masaz\/\" \/>\n<meta property=\"og:site_name\" content=\"Studio Blanche\" \/>\n<meta property=\"article:modified_time\" content=\"2020-06-01T08:30:08+00:00\" \/>\n<meta name=\"twitter:card\" content=\"summary_large_image\" \/>\n<meta name=\"twitter:label1\" content=\"Odhadovan\u00e1 doba \u010dten\u00ed\" \/>\n\t<meta name=\"twitter:data1\" content=\"1 minuta\" \/>\n<script type=\"application\/ld+json\" class=\"yoast-schema-graph\">{\"@context\":\"https:\\\/\\\/schema.org\",\"@graph\":[{\"@type\":\"WebPage\",\"@id\":\"https:\\\/\\\/www.studioblanche.cz\\\/index.php\\\/sluzby\\\/odborna-masaz\\\/\",\"url\":\"https:\\\/\\\/www.studioblanche.cz\\\/index.php\\\/sluzby\\\/odborna-masaz\\\/\",\"name\":\"Odborn\u00e1 mas\u00e1\u017e - Studio Blanche\",\"isPartOf\":{\"@id\":\"https:\\\/\\\/www.studioblanche.cz\\\/#website\"},\"datePublished\":\"2018-10-12T14:34:07+00:00\",\"dateModified\":\"2020-06-01T08:30:08+00:00\",\"breadcrumb\":{\"@id\":\"https:\\\/\\\/www.studioblanche.cz\\\/index.php\\\/sluzby\\\/odborna-masaz\\\/#breadcrumb\"},\"inLanguage\":\"cs\",\"potentialAction\":[{\"@type\":\"ReadAction\",\"target\":[\"https:\\\/\\\/www.studioblanche.cz\\\/index.php\\\/sluzby\\\/odborna-masaz\\\/\"]}]},{\"@type\":\"BreadcrumbList\",\"@id\":\"https:\\\/\\\/www.studioblanche.cz\\\/index.php\\\/sluzby\\\/odborna-masaz\\\/#breadcrumb\",\"itemListElement\":[{\"@type\":\"ListItem\",\"position\":1,\"name\":\"Home\",\"item\":\"https:\\\/\\\/www.studioblanche.cz\\\/\"},{\"@type\":\"ListItem\",\"position\":2,\"name\":\"Slu\u017eby\",\"item\":\"https:\\\/\\\/www.studioblanche.cz\\\/index.php\\\/sluzby\\\/\"},{\"@type\":\"ListItem\",\"position\":3,\"name\":\"Odborn\u00e1 mas\u00e1\u017e\"}]},{\"@type\":\"WebSite\",\"@id\":\"https:\\\/\\\/www.studioblanche.cz\\\/#website\",\"url\":\"https:\\\/\\\/www.studioblanche.cz\\\/\",\"name\":\"Studio Blanche\",\"description\":\"Mas\u00e1\u017ee, kter\u00e9 v\u00e1m zlep\u0161\u00ed zdrav\u00ed i n\u00e1ladu na Praze 2\",\"potentialAction\":[{\"@type\":\"SearchAction\",\"target\":{\"@type\":\"EntryPoint\",\"urlTemplate\":\"https:\\\/\\\/www.studioblanche.cz\\\/?s={search_term_string}\"},\"query-input\":{\"@type\":\"PropertyValueSpecification\",\"valueRequired\":true,\"valueName\":\"search_term_string\"}}],\"inLanguage\":\"cs\"}]}<\/script>\n<!-- \/ Yoast SEO plugin. -->","yoast_head_json":{"title":"Odborn\u00e1 mas\u00e1\u017e - Studio Blanche","robots":{"index":"index","follow":"follow","max-snippet":"max-snippet:-1","max-image-preview":"max-image-preview:large","max-video-preview":"max-video-preview:-1"},"canonical":"https:\/\/www.studioblanche.cz\/index.php\/sluzby\/odborna-masaz\/","og_locale":"cs_CZ","og_type":"article","og_title":"Odborn\u00e1 mas\u00e1\u017e - Studio Blanche","og_description":"Odborn\u00e1 mas\u00e1\u017e C\u00edlem mas\u00e1\u017e\u00ed je ulevit nap\u011bt\u00ed ve svalech, odstranit \u00fanavu a obnovit tok energie.\u00a0Je velmi vhodn\u00e1 u chronick\u00fdch bolestiv\u00fdch stav\u016f, kde napom\u00e1h\u00e1 uvoln\u011bn\u00ed bolestiv\u00fdch spasm\u016f a blok\u016f vznikl\u00fdch v d\u016fsledku r\u016fzn\u00fdch \u00faraz\u016f a p\u0159et\u011b\u017eov\u00e1n\u00ed organismu.Mas\u00e1\u017e p\u016fsob\u00ed na krevn\u00ed ob\u011bh a p\u0159isp\u00edv\u00e1 k rozta\u017een\u00ed c\u00e9v. Stimulace nerv\u016f a krevn\u00edho ob\u011bhu ovliv\u0148uje i vnit\u0159n\u00ed org\u00e1ny. Prost\u0159ednictv\u00edm [&hellip;]","og_url":"https:\/\/www.studioblanche.cz\/index.php\/sluzby\/odborna-masaz\/","og_site_name":"Studio Blanche","article_modified_time":"2020-06-01T08:30:08+00:00","twitter_card":"summary_large_image","twitter_misc":{"Odhadovan\u00e1 doba \u010dten\u00ed":"1 minuta"},"schema":{"@context":"https:\/\/schema.org","@graph":[{"@type":"WebPage","@id":"https:\/\/www.studioblanche.cz\/index.php\/sluzby\/odborna-masaz\/","url":"https:\/\/www.studioblanche.cz\/index.php\/sluzby\/odborna-masaz\/","name":"Odborn\u00e1 mas\u00e1\u017e - Studio Blanche","isPartOf":{"@id":"https:\/\/www.studioblanche.cz\/#website"},"datePublished":"2018-10-12T14:34:07+00:00","dateModified":"2020-06-01T08:30:08+00:00","breadcrumb":{"@id":"https:\/\/www.studioblanche.cz\/index.php\/sluzby\/odborna-masaz\/#breadcrumb"},"inLanguage":"cs","potentialAction":[{"@type":"ReadAction","target":["https:\/\/www.studioblanche.cz\/index.php\/sluzby\/odborna-masaz\/"]}]},{"@type":"BreadcrumbList","@id":"https:\/\/www.studioblanche.cz\/index.php\/sluzby\/odborna-masaz\/#breadcrumb","itemListElement":[{"@type":"ListItem","position":1,"name":"Home","item":"https:\/\/www.studioblanche.cz\/"},{"@type":"ListItem","position":2,"name":"Slu\u017eby","item":"https:\/\/www.studioblanche.cz\/index.php\/sluzby\/"},{"@type":"ListItem","position":3,"name":"Odborn\u00e1 mas\u00e1\u017e"}]},{"@type":"WebSite","@id":"https:\/\/www.studioblanche.cz\/#website","url":"https:\/\/www.studioblanche.cz\/","name":"Studio Blanche","description":"Mas\u00e1\u017ee, kter\u00e9 v\u00e1m zlep\u0161\u00ed zdrav\u00ed i n\u00e1ladu na Praze 2","potentialAction":[{"@type":"SearchAction","target":{"@type":"EntryPoint","urlTemplate":"https:\/\/www.studioblanche.cz\/?s={search_term_string}"},"query-input":{"@type":"PropertyValueSpecification","valueRequired":true,"valueName":"search_term_string"}}],"inLanguage":"cs"}]}},"_links":{"self":[{"href":"https:\/\/www.studioblanche.cz\/index.php\/wp-json\/wp\/v2\/pages\/157","targetHints":{"allow":["GET"]}}],"collection":[{"href":"https:\/\/www.studioblanche.cz\/index.php\/wp-json\/wp\/v2\/pages"}],"about":[{"href":"https:\/\/www.studioblanche.cz\/index.php\/wp-json\/wp\/v2\/types\/page"}],"author":[{"embeddable":true,"href":"https:\/\/www.studioblanche.cz\/index.php\/wp-json\/wp\/v2\/users\/3"}],"replies":[{"embeddable":true,"href":"https:\/\/www.studioblanche.cz\/index.php\/wp-json\/wp\/v2\/comments?post=157"}],"version-history":[{"count":9,"href":"https:\/\/www.studioblanche.cz\/index.php\/wp-json\/wp\/v2\/pages\/157\/revisions"}],"predecessor-version":[{"id":700,"href":"https:\/\/www.studioblanche.cz\/index.php\/wp-json\/wp\/v2\/pages\/157\/revisions\/700"}],"up":[{"embeddable":true,"href":"https:\/\/www.studioblanche.cz\/index.php\/wp-json\/wp\/v2\/pages\/47"}],"wp:attachment":[{"href":"https:\/\/www.studioblanche.cz\/index.php\/wp-json\/wp\/v2\/media?parent=157"}],"curies":[{"name":"wp","href":"https:\/\/api.w.org\/{rel}","templated":true}]}}